{"id":1017,"date":"2024-11-09T20:26:24","date_gmt":"2024-11-09T23:26:24","guid":{"rendered":"https:\/\/ccbs.uepa.br\/saudedigital\/?page_id=1017"},"modified":"2024-11-09T20:28:00","modified_gmt":"2024-11-09T23:28:00","slug":"1017-2","status":"publish","type":"page","link":"https:\/\/ccbs.uepa.br\/saudedigital\/1017-2\/","title":{"rendered":""},"content":{"rendered":"\n<div class=\"wp-block-uagb-info-box uagb-block-4788bbea uagb-infobox__content-wrap  uagb-infobox-icon-above-title uagb-infobox-image-valign-top\"><div class=\"uagb-ifb-content\"><div class=\"uagb-ifb-icon-wrap\"><svg xmlns=\"https:\/\/www.w3.org\/2000\/svg\" viewBox=\"0 0 512 512\"><path d=\"M0 256C0 114.6 114.6 0 256 0C397.4 0 512 114.6 512 256C512 397.4 397.4 512 256 512C114.6 512 0 397.4 0 256zM371.8 211.8C382.7 200.9 382.7 183.1 371.8 172.2C360.9 161.3 343.1 161.3 332.2 172.2L224 280.4L179.8 236.2C168.9 225.3 151.1 225.3 140.2 236.2C129.3 247.1 129.3 264.9 140.2 275.8L204.2 339.8C215.1 350.7 232.9 350.7 243.8 339.8L371.8 211.8z\"><\/path><\/svg><\/div><div class=\"uagb-ifb-title-wrap\"><h3 class=\"uagb-ifb-title\">Tucuru\u00ed<\/h3><\/div><p class=\"uagb-ifb-desc\">Com a ades\u00e3o ao projeto, Tucuru\u00ed se posiciona como um exemplo no Par\u00e1 de como a inova\u00e7\u00e3o tecnol\u00f3gica pode ser aplicada para melhorar a qualidade dos servi\u00e7os p\u00fablicos. A digitaliza\u00e7\u00e3o da sa\u00fade \u00e9 uma tend\u00eancia crescente no Brasil e o munic\u00edpio demonstra seu compromisso com o futuro ao buscar solu\u00e7\u00f5es modernas e eficientes para os desafios enfrentados pela sa\u00fade p\u00fablica.<br><br>A <em>teleconsulta especializada<\/em> e as <em>webpalestras<\/em> s\u00e3o duas inova\u00e7\u00f5es implementadas em Tucuru\u00ed atrav\u00e9s do Projeto Sa\u00fade Digital CCBS, com foco na melhoria do atendimento e na capacita\u00e7\u00e3o cont\u00ednua dos profissionais de sa\u00fade. <br>A <em>teleconsulta especializada<\/em> permite que os profissionais possam realizar atendimentos m\u00e9dicos a dist\u00e2ncia, oferecendo consultas mais r\u00e1pidas e acess\u00edveis para pacientes que necessitam de especialistas. Essa modalidade facilita o acompanhamento de casos complexos, promovendo uma maior efici\u00eancia no diagn\u00f3stico e no tratamento, especialmente para pacientes em \u00e1reas mais remotas.<br> J\u00e1 as <em>webpalestras<\/em> s\u00e3o uma ferramenta de educa\u00e7\u00e3o cont\u00ednua, oferecendo aos profissionais de sa\u00fade a oportunidade de participar de cursos online sobre temas relevantes, como atualiza\u00e7\u00e3o em tratamentos, novas tecnologias e pr\u00e1ticas preventivas. Com essas palestras, os profissionais podem aprimorar seus conhecimentos, mantendo-se atualizados sem a necessidade de deslocamento.<br>Essas iniciativas t\u00eam o potencial de transformar a forma como a sa\u00fade \u00e9 prestada em Tucuru\u00ed, otimizando o tempo dos profissionais e ampliando o acesso ao conhecimento especializado.<br><\/p><\/div><\/div>\n\n\n\t\t\t\t\t<div\n\t\t\t\t\t\tclass=\"wp-block-uagb-image-gallery uagb-block-82dac6d8     \"\n\t\t\t\t\t\tstyle=\"\"\n\t\t\t\t\t>\n\t\t\t\t\t\t\t\t\t\t\t<div class=\"spectra-image-gallery spectra-image-gallery__layout--tiled spectra-image-gallery__layout--tiled-col-4 spectra-image-gallery__layout--tiled-col-tab-4 spectra-image-gallery__layout--tiled-col-mob-4\">\n\t\t\t\t\t\t\t\t\t\t\t<div class='spectra-image-gallery__media-wrapper' data-spectra-gallery-image-id='1015'>\n\t\t\t\t\t\t\t<div class=\"spectra-image-gallery__media spectra-image-gallery__media--tiled\">\n\t\t\t\t<picture>\n\t\t\t\t\t<source media=\"(min-width: 1024px)\" srcset=\"https:\/\/ccbs.uepa.br\/saudedigital\/wp-content\/uploads\/2024\/11\/WhatsApp-Image-2024-11-09-at-20.16.49-576x1024.jpeg\">\n\t\t\t\t\t<source media=\"(min-width: 768px)\" srcset=\"https:\/\/ccbs.uepa.br\/saudedigital\/wp-content\/uploads\/2024\/11\/WhatsApp-Image-2024-11-09-at-20.16.49-576x1024.jpeg\">\n\t\t\t\t\t<img decoding=\"async\" class=\"spectra-image-gallery__media-thumbnail spectra-image-gallery__media-thumbnail--tiled\" src=\"https:\/\/ccbs.uepa.br\/saudedigital\/wp-content\/uploads\/2024\/11\/WhatsApp-Image-2024-11-09-at-20.16.49-169x300.jpeg\" alt=\"\" loading=\"lazy\" \/>\n\t\t\t\t<\/picture>\n\t\t\t\t<div class=\"spectra-image-gallery__media-thumbnail-blurrer\"><\/div>\n\t\t\t\t\t\t\t\t\t\t\t<div class=\"spectra-image-gallery__media-thumbnail-caption-wrapper spectra-image-gallery__media-thumbnail-caption-wrapper--overlay\">\n\t\t\t\t\t\t\t\t\t\t\t<div class=\"spectra-image-gallery__media-thumbnail-caption spectra-image-gallery__media-thumbnail-caption--overlay\">\n\t\t\t\t\tSem legenda\t\t\t\t<\/div>\n\t\t\t\t\t\t\t\t\t\t<\/div>\n\t\t\t\t\t\t\t\t\t<\/div>\n\t\t\t\t\t\t<\/div>\n\t\t\t\t\t\t<div class='spectra-image-gallery__media-wrapper' data-spectra-gallery-image-id='1014'>\n\t\t\t\t\t\t\t<div class=\"spectra-image-gallery__media spectra-image-gallery__media--tiled\">\n\t\t\t\t<picture>\n\t\t\t\t\t<source media=\"(min-width: 1024px)\" srcset=\"https:\/\/ccbs.uepa.br\/saudedigital\/wp-content\/uploads\/2024\/11\/WhatsApp-Image-2024-11-09-at-20.16.48-1024x576.jpeg\">\n\t\t\t\t\t<source media=\"(min-width: 768px)\" srcset=\"https:\/\/ccbs.uepa.br\/saudedigital\/wp-content\/uploads\/2024\/11\/WhatsApp-Image-2024-11-09-at-20.16.48-1024x576.jpeg\">\n\t\t\t\t\t<img decoding=\"async\" class=\"spectra-image-gallery__media-thumbnail spectra-image-gallery__media-thumbnail--tiled\" src=\"https:\/\/ccbs.uepa.br\/saudedigital\/wp-content\/uploads\/2024\/11\/WhatsApp-Image-2024-11-09-at-20.16.48-300x169.jpeg\" alt=\"\" loading=\"lazy\" \/>\n\t\t\t\t<\/picture>\n\t\t\t\t<div class=\"spectra-image-gallery__media-thumbnail-blurrer\"><\/div>\n\t\t\t\t\t\t\t\t\t\t\t<div class=\"spectra-image-gallery__media-thumbnail-caption-wrapper spectra-image-gallery__media-thumbnail-caption-wrapper--overlay\">\n\t\t\t\t\t\t\t\t\t\t\t<div class=\"spectra-image-gallery__media-thumbnail-caption spectra-image-gallery__media-thumbnail-caption--overlay\">\n\t\t\t\t\tSem legenda\t\t\t\t<\/div>\n\t\t\t\t\t\t\t\t\t\t<\/div>\n\t\t\t\t\t\t\t\t\t<\/div>\n\t\t\t\t\t\t<\/div>\n\t\t\t\t\t\t<div class='spectra-image-gallery__media-wrapper' data-spectra-gallery-image-id='1013'>\n\t\t\t\t\t\t\t<div class=\"spectra-image-gallery__media spectra-image-gallery__media--tiled\">\n\t\t\t\t<picture>\n\t\t\t\t\t<source media=\"(min-width: 1024px)\" srcset=\"https:\/\/ccbs.uepa.br\/saudedigital\/wp-content\/uploads\/2024\/11\/WhatsApp-Image-2024-11-09-at-20.16.48-2-576x1024.jpeg\">\n\t\t\t\t\t<source media=\"(min-width: 768px)\" srcset=\"https:\/\/ccbs.uepa.br\/saudedigital\/wp-content\/uploads\/2024\/11\/WhatsApp-Image-2024-11-09-at-20.16.48-2-576x1024.jpeg\">\n\t\t\t\t\t<img decoding=\"async\" class=\"spectra-image-gallery__media-thumbnail spectra-image-gallery__media-thumbnail--tiled\" src=\"https:\/\/ccbs.uepa.br\/saudedigital\/wp-content\/uploads\/2024\/11\/WhatsApp-Image-2024-11-09-at-20.16.48-2-169x300.jpeg\" alt=\"\" loading=\"lazy\" \/>\n\t\t\t\t<\/picture>\n\t\t\t\t<div class=\"spectra-image-gallery__media-thumbnail-blurrer\"><\/div>\n\t\t\t\t\t\t\t\t\t\t\t<div class=\"spectra-image-gallery__media-thumbnail-caption-wrapper spectra-image-gallery__media-thumbnail-caption-wrapper--overlay\">\n\t\t\t\t\t\t\t\t\t\t\t<div class=\"spectra-image-gallery__media-thumbnail-caption spectra-image-gallery__media-thumbnail-caption--overlay\">\n\t\t\t\t\tSem legenda\t\t\t\t<\/div>\n\t\t\t\t\t\t\t\t\t\t<\/div>\n\t\t\t\t\t\t\t\t\t<\/div>\n\t\t\t\t\t\t<\/div>\n\t\t\t\t\t\t<div class='spectra-image-gallery__media-wrapper' data-spectra-gallery-image-id='1012'>\n\t\t\t\t\t\t\t<div class=\"spectra-image-gallery__media spectra-image-gallery__media--tiled\">\n\t\t\t\t<picture>\n\t\t\t\t\t<source media=\"(min-width: 1024px)\" srcset=\"https:\/\/ccbs.uepa.br\/saudedigital\/wp-content\/uploads\/2024\/11\/WhatsApp-Image-2024-11-09-at-20.16.48-1-1024x576.jpeg\">\n\t\t\t\t\t<source media=\"(min-width: 768px)\" srcset=\"https:\/\/ccbs.uepa.br\/saudedigital\/wp-content\/uploads\/2024\/11\/WhatsApp-Image-2024-11-09-at-20.16.48-1-1024x576.jpeg\">\n\t\t\t\t\t<img decoding=\"async\" class=\"spectra-image-gallery__media-thumbnail spectra-image-gallery__media-thumbnail--tiled\" src=\"https:\/\/ccbs.uepa.br\/saudedigital\/wp-content\/uploads\/2024\/11\/WhatsApp-Image-2024-11-09-at-20.16.48-1-300x169.jpeg\" alt=\"\" loading=\"lazy\" \/>\n\t\t\t\t<\/picture>\n\t\t\t\t<div class=\"spectra-image-gallery__media-thumbnail-blurrer\"><\/div>\n\t\t\t\t\t\t\t\t\t\t\t<div class=\"spectra-image-gallery__media-thumbnail-caption-wrapper spectra-image-gallery__media-thumbnail-caption-wrapper--overlay\">\n\t\t\t\t\t\t\t\t\t\t\t<div class=\"spectra-image-gallery__media-thumbnail-caption spectra-image-gallery__media-thumbnail-caption--overlay\">\n\t\t\t\t\tSem legenda\t\t\t\t<\/div>\n\t\t\t\t\t\t\t\t\t\t<\/div>\n\t\t\t\t\t\t\t\t\t<\/div>\n\t\t\t\t\t\t<\/div>\n\t\t\t\t\t\t\t\t\t\t\t<div class=\"spectra-image-gallery__media-sizer\"><\/div>\n\t\t\t\t\t\t\t<\/div>\n\t\t\t\t\t\t\t\t\t\t\t<\/div>\n\t\t\t\t\t\t\t\t\t","protected":false},"excerpt":{"rendered":"","protected":false},"author":2,"featured_media":0,"parent":0,"menu_order":0,"comment_status":"closed","ping_status":"closed","template":"","meta":{"_uag_custom_page_level_css":"","site-sidebar-layout":"default","site-content-layout":"","ast-site-content-layout":"","site-content-style":"default","site-sidebar-style":"default","ast-global-header-display":"","ast-banner-title-visibility":"","ast-main-header-display":"","ast-hfb-above-header-display":"","ast-hfb-below-header-display":"","ast-hfb-mobile-header-display":"","site-post-title":"","ast-breadcrumbs-content":"","ast-featured-img":"","footer-sml-layout":"","theme-transparent-header-meta":"","adv-header-id-meta":"","stick-header-meta":"","header-above-stick-meta":"","header-main-stick-meta":"","header-below-stick-meta":"","astra-migrate-meta-layouts":"default","ast-page-background-enabled":"default","ast-page-background-meta":{"desktop":{"background-color":"var(--ast-global-color-4)","background-image":"","background-repeat":"repeat","background-position":"center center","background-size":"auto","background-attachment":"scroll","background-type":"","background-media":"","overlay-type":"","overlay-color":"","overlay-gradient":""},"tablet":{"background-color":"","background-image":"","background-repeat":"repeat","background-position":"center center","background-size":"auto","background-attachment":"scroll","background-type":"","background-media":"","overlay-type":"","overlay-color":"","overlay-gradient":""},"mobile":{"background-color":"","background-image":"","background-repeat":"repeat","background-position":"center center","background-size":"auto","background-attachment":"scroll","background-type":"","background-media":"","overlay-type":"","overlay-color":"","overlay-gradient":""}},"ast-content-background-meta":{"desktop":{"background-color":"var(--ast-global-color-5)","background-image":"","background-repeat":"repeat","background-position":"center center","background-size":"auto","background-attachment":"scroll","background-type":"","background-media":"","overlay-type":"","overlay-color":"","overlay-gradient":""},"tablet":{"background-color":"var(--ast-global-color-5)","background-image":"","background-repeat":"repeat","background-position":"center center","background-size":"auto","background-attachment":"scroll","background-type":"","background-media":"","overlay-type":"","overlay-color":"","overlay-gradient":""},"mobile":{"background-color":"var(--ast-global-color-5)","background-image":"","background-repeat":"repeat","background-position":"center center","background-size":"auto","background-attachment":"scroll","background-type":"","background-media":"","overlay-type":"","overlay-color":"","overlay-gradient":""}},"footnotes":""},"class_list":["post-1017","page","type-page","status-publish","hentry"],"uagb_featured_image_src":{"full":false,"thumbnail":false,"medium":false,"medium_large":false,"large":false,"1536x1536":false,"2048x2048":false},"uagb_author_info":{"display_name":"hugo","author_link":"https:\/\/ccbs.uepa.br\/saudedigital\/author\/hugo-conteuepa-br\/"},"uagb_comment_info":0,"uagb_excerpt":null,"_links":{"self":[{"href":"https:\/\/ccbs.uepa.br\/saudedigital\/wp-json\/wp\/v2\/pages\/1017","targetHints":{"allow":["GET"]}}],"collection":[{"href":"https:\/\/ccbs.uepa.br\/saudedigital\/wp-json\/wp\/v2\/pages"}],"about":[{"href":"https:\/\/ccbs.uepa.br\/saudedigital\/wp-json\/wp\/v2\/types\/page"}],"author":[{"embeddable":true,"href":"https:\/\/ccbs.uepa.br\/saudedigital\/wp-json\/wp\/v2\/users\/2"}],"replies":[{"embeddable":true,"href":"https:\/\/ccbs.uepa.br\/saudedigital\/wp-json\/wp\/v2\/comments?post=1017"}],"version-history":[{"count":3,"href":"https:\/\/ccbs.uepa.br\/saudedigital\/wp-json\/wp\/v2\/pages\/1017\/revisions"}],"predecessor-version":[{"id":1021,"href":"https:\/\/ccbs.uepa.br\/saudedigital\/wp-json\/wp\/v2\/pages\/1017\/revisions\/1021"}],"wp:attachment":[{"href":"https:\/\/ccbs.uepa.br\/saudedigital\/wp-json\/wp\/v2\/media?parent=1017"}],"curies":[{"name":"wp","href":"https:\/\/api.w.org\/{rel}","templated":true}]}}