{"id":1047,"date":"2024-11-28T21:24:37","date_gmt":"2024-11-29T00:24:37","guid":{"rendered":"https:\/\/ccbs.uepa.br\/saudedigital\/?page_id=1047"},"modified":"2024-11-28T21:31:36","modified_gmt":"2024-11-29T00:31:36","slug":"1047-2","status":"publish","type":"page","link":"https:\/\/ccbs.uepa.br\/saudedigital\/1047-2\/","title":{"rendered":""},"content":{"rendered":"\n<div class=\"wp-block-uagb-info-box uagb-block-123d9f68 uagb-infobox__content-wrap  uagb-infobox-icon-above-title uagb-infobox-image-valign-top\"><div class=\"uagb-ifb-content\"><div class=\"uagb-ifb-icon-wrap\"><svg xmlns=\"https:\/\/www.w3.org\/2000\/svg\" viewBox=\"0 0 512 512\"><path d=\"M0 256C0 114.6 114.6 0 256 0C397.4 0 512 114.6 512 256C512 397.4 397.4 512 256 512C114.6 512 0 397.4 0 256zM371.8 211.8C382.7 200.9 382.7 183.1 371.8 172.2C360.9 161.3 343.1 161.3 332.2 172.2L224 280.4L179.8 236.2C168.9 225.3 151.1 225.3 140.2 236.2C129.3 247.1 129.3 264.9 140.2 275.8L204.2 339.8C215.1 350.7 232.9 350.7 243.8 339.8L371.8 211.8z\"><\/path><\/svg><\/div><div class=\"uagb-ifb-title-wrap\"><h3 class=\"uagb-ifb-title\">Sa\u00fade Digital CCBS \u00e9 implementado na UCR Marituba II !<br><\/h3><\/div><p class=\"uagb-ifb-desc\">A Unidade de Cust\u00f3dia e Reinser\u00e7\u00e3o de Marituba II, uma unidade penitenci\u00e1ria da regi\u00e3o metropolitana do Par\u00e1, agora conta com o projeto Sa\u00fade Digital CCBS, refor\u00e7ando o compromisso com a inclus\u00e3o e o acesso \u00e0 sa\u00fade no sistema prisional.<br><strong><br>Benef\u00edcios da Implementa\u00e7\u00e3o:<\/strong><br>Acesso \u00e0 sa\u00fade digital: Consultas e atendimentos especializados por telemedicina, promovendo maior efici\u00eancia e qualidade no cuidado aos internos.<br><br><strong>Redu\u00e7\u00e3o de custos:<\/strong><br> Diminui\u00e7\u00e3o de gastos com deslocamento e transporte, otimizando recursos p\u00fablicos e refor\u00e7ando a seguran\u00e7a.<br><br><strong>Capacita\u00e7\u00e3o e suporte:<\/strong><br> Treinamento da equipe para a utiliza\u00e7\u00e3o das tecnologias digitais e para o manejo dos sistemas integrados.<br><strong><br>Integra\u00e7\u00e3o com a rede de sa\u00fade: <\/strong><br>Fortalecimento da conex\u00e3o entre a UCR Marituba II e os servi\u00e7os de sa\u00fade p\u00fablicos, assegurando continuidade no cuidado.<br><br><br>O evento de implanta\u00e7\u00e3o contou com a participa\u00e7\u00e3o de:<br><br>Marcelo Holanda &#8211; Diretor da Unidade Prisional<br>Fernando martins lopes &#8211; Coordenador Administrativo da UCR Marituba II.<br>Caroline Barcelos &#8211; Coordenadora de Assist\u00eancia e Enfermagem &#8211; Saude Digital CCBS.<br>Marcely Monteiro da Silva &#8211; SESPA<br>Alaine F\u00f4se Ara\u00fajo da Silva &#8211; SESPA.<br>Elyene Elene M. da Rocha &#8211; SEAP.<br>Joelma E. Pereira &#8211; SESMA Marituba.<br>Hugo Nicolau Conte &#8211; T\u00e9cnico em Inform\u00e1tica Sa\u00fade Digital CCBS.<br><br>Com essa parceria, o Sa\u00fade Digital CCBS reafirma sua miss\u00e3o de levar sa\u00fade e inclus\u00e3o tecnol\u00f3gica a todas as regi\u00f5es e popula\u00e7\u00f5es.<\/p><\/div><\/div>\n\n\n\n<div class=\"wp-block-uagb-separator uagb-block-ee7c78a6\"><div class=\"wp-block-uagb-separator__inner\" style=\"--my-background-image:\"><\/div><\/div>\n\n\n\n<div class=\"wp-block-uagb-container uagb-block-2f3fe4d7 alignfull uagb-is-root-container\"><div class=\"uagb-container-inner-blocks-wrap\">\n<div class=\"wp-block-uagb-container uagb-block-bea8821a\">\n<div class=\"wp-block-uagb-image uagb-block-0d555aab wp-block-uagb-image--layout-default wp-block-uagb-image--effect-static wp-block-uagb-image--align-none\"><figure class=\"wp-block-uagb-image__figure\"><img loading=\"lazy\" decoding=\"async\" srcset=\"https:\/\/ccbs.uepa.br\/saudedigital\/wp-content\/uploads\/2024\/11\/WhatsApp-Image-2024-11-28-at-21.02.12-1024x768.jpeg ,https:\/\/ccbs.uepa.br\/saudedigital\/wp-content\/uploads\/2024\/11\/WhatsApp-Image-2024-11-28-at-21.02.12.jpeg 780w, https:\/\/ccbs.uepa.br\/saudedigital\/wp-content\/uploads\/2024\/11\/WhatsApp-Image-2024-11-28-at-21.02.12.jpeg 360w\" sizes=\"auto, (max-width: 480px) 150px\" src=\"https:\/\/ccbs.uepa.br\/saudedigital\/wp-content\/uploads\/2024\/11\/WhatsApp-Image-2024-11-28-at-21.02.12-1024x768.jpeg\" alt=\"\" class=\"uag-image-1033\" width=\"1024\" height=\"768\" title=\"\" role=\"presentation\"\/><\/figure><\/div>\n<\/div>\n\n\n\n<div class=\"wp-block-uagb-container uagb-block-c93c0d34\">\n<div class=\"wp-block-uagb-image aligncenter uagb-block-bc9391a7 wp-block-uagb-image--layout-default wp-block-uagb-image--effect-static wp-block-uagb-image--align-center\"><figure class=\"wp-block-uagb-image__figure\"><img decoding=\"async\" srcset=\"https:\/\/ccbs.uepa.br\/saudedigital\/wp-content\/uploads\/2024\/11\/seap.png ,https:\/\/ccbs.uepa.br\/saudedigital\/wp-content\/uploads\/2024\/11\/seap.png 780w, https:\/\/ccbs.uepa.br\/saudedigital\/wp-content\/uploads\/2024\/11\/seap.png 360w\" sizes=\"auto, (max-width: 480px) 150px\" src=\"https:\/\/ccbs.uepa.br\/saudedigital\/wp-content\/uploads\/2024\/11\/seap.png\" alt=\"\" class=\"uag-image-1048\" width=\"287\" height=\"287\" title=\"seap\" loading=\"lazy\" role=\"img\"\/><\/figure><\/div>\n<\/div>\n<\/div><\/div>\n\n\n\n<p><\/p>\n","protected":false},"excerpt":{"rendered":"","protected":false},"author":2,"featured_media":0,"parent":0,"menu_order":0,"comment_status":"closed","ping_status":"closed","template":"","meta":{"_uag_custom_page_level_css":"","site-sidebar-layout":"default","site-content-layout":"","ast-site-content-layout":"","site-content-style":"default","site-sidebar-style":"default","ast-global-header-display":"","ast-banner-title-visibility":"","ast-main-header-display":"","ast-hfb-above-header-display":"","ast-hfb-below-header-display":"","ast-hfb-mobile-header-display":"","site-post-title":"","ast-breadcrumbs-content":"","ast-featured-img":"","footer-sml-layout":"","theme-transparent-header-meta":"","adv-header-id-meta":"","stick-header-meta":"","header-above-stick-meta":"","header-main-stick-meta":"","header-below-stick-meta":"","astra-migrate-meta-layouts":"default","ast-page-background-enabled":"default","ast-page-background-meta":{"desktop":{"background-color":"var(--ast-global-color-4)","background-image":"","background-repeat":"repeat","background-position":"center center","background-size":"auto","background-attachment":"scroll","background-type":"","background-media":"","overlay-type":"","overlay-color":"","overlay-gradient":""},"tablet":{"background-color":"","background-image":"","background-repeat":"repeat","background-position":"center center","background-size":"auto","background-attachment":"scroll","background-type":"","background-media":"","overlay-type":"","overlay-color":"","overlay-gradient":""},"mobile":{"background-color":"","background-image":"","background-repeat":"repeat","background-position":"center center","background-size":"auto","background-attachment":"scroll","background-type":"","background-media":"","overlay-type":"","overlay-color":"","overlay-gradient":""}},"ast-content-background-meta":{"desktop":{"background-color":"var(--ast-global-color-5)","background-image":"","background-repeat":"repeat","background-position":"center center","background-size":"auto","background-attachment":"scroll","background-type":"","background-media":"","overlay-type":"","overlay-color":"","overlay-gradient":""},"tablet":{"background-color":"var(--ast-global-color-5)","background-image":"","background-repeat":"repeat","background-position":"center center","background-size":"auto","background-attachment":"scroll","background-type":"","background-media":"","overlay-type":"","overlay-color":"","overlay-gradient":""},"mobile":{"background-color":"var(--ast-global-color-5)","background-image":"","background-repeat":"repeat","background-position":"center center","background-size":"auto","background-attachment":"scroll","background-type":"","background-media":"","overlay-type":"","overlay-color":"","overlay-gradient":""}},"footnotes":""},"class_list":["post-1047","page","type-page","status-publish","hentry"],"uagb_featured_image_src":{"full":false,"thumbnail":false,"medium":false,"medium_large":false,"large":false,"1536x1536":false,"2048x2048":false},"uagb_author_info":{"display_name":"hugo","author_link":"https:\/\/ccbs.uepa.br\/saudedigital\/author\/hugo-conteuepa-br\/"},"uagb_comment_info":0,"uagb_excerpt":null,"_links":{"self":[{"href":"https:\/\/ccbs.uepa.br\/saudedigital\/wp-json\/wp\/v2\/pages\/1047","targetHints":{"allow":["GET"]}}],"collection":[{"href":"https:\/\/ccbs.uepa.br\/saudedigital\/wp-json\/wp\/v2\/pages"}],"about":[{"href":"https:\/\/ccbs.uepa.br\/saudedigital\/wp-json\/wp\/v2\/types\/page"}],"author":[{"embeddable":true,"href":"https:\/\/ccbs.uepa.br\/saudedigital\/wp-json\/wp\/v2\/users\/2"}],"replies":[{"embeddable":true,"href":"https:\/\/ccbs.uepa.br\/saudedigital\/wp-json\/wp\/v2\/comments?post=1047"}],"version-history":[{"count":4,"href":"https:\/\/ccbs.uepa.br\/saudedigital\/wp-json\/wp\/v2\/pages\/1047\/revisions"}],"predecessor-version":[{"id":1054,"href":"https:\/\/ccbs.uepa.br\/saudedigital\/wp-json\/wp\/v2\/pages\/1047\/revisions\/1054"}],"wp:attachment":[{"href":"https:\/\/ccbs.uepa.br\/saudedigital\/wp-json\/wp\/v2\/media?parent=1047"}],"curies":[{"name":"wp","href":"https:\/\/api.w.org\/{rel}","templated":true}]}}