{"id":1055,"date":"2024-11-28T21:33:12","date_gmt":"2024-11-29T00:33:12","guid":{"rendered":"https:\/\/ccbs.uepa.br\/saudedigital\/?page_id=1055"},"modified":"2024-11-28T21:33:12","modified_gmt":"2024-11-29T00:33:12","slug":"1055-2","status":"publish","type":"page","link":"https:\/\/ccbs.uepa.br\/saudedigital\/1055-2\/","title":{"rendered":""},"content":{"rendered":"\n<div class=\"wp-block-uagb-info-box uagb-block-af02a6b3 uagb-infobox__content-wrap  uagb-infobox-icon-above-title uagb-infobox-image-valign-top\"><div class=\"uagb-ifb-content\"><div class=\"uagb-ifb-icon-wrap\"><svg xmlns=\"https:\/\/www.w3.org\/2000\/svg\" viewBox=\"0 0 512 512\"><path d=\"M0 256C0 114.6 114.6 0 256 0C397.4 0 512 114.6 512 256C512 397.4 397.4 512 256 512C114.6 512 0 397.4 0 256zM371.8 211.8C382.7 200.9 382.7 183.1 371.8 172.2C360.9 161.3 343.1 161.3 332.2 172.2L224 280.4L179.8 236.2C168.9 225.3 151.1 225.3 140.2 236.2C129.3 247.1 129.3 264.9 140.2 275.8L204.2 339.8C215.1 350.7 232.9 350.7 243.8 339.8L371.8 211.8z\"><\/path><\/svg><\/div><div class=\"uagb-ifb-title-wrap\"><h3 class=\"uagb-ifb-title\">\ud83c\udf10Palestina do Par\u00e1 adere ao projeto Sa\u00fade Digital CCBS!<br><\/h3><\/div><p class=\"uagb-ifb-desc\">Com a chegada do projeto, o munic\u00edpio agora conta com ferramentas que agiliza o acesso \u00e0 sa\u00fade. As webpalestras oferecem capacita\u00e7\u00f5es cont\u00ednuas para os profissionais, trazendo conhecimento atualizado e pr\u00e1ticas inovadoras. J\u00e1 as teleconsultas permitem que a popula\u00e7\u00e3o tenha acesso a atendimentos especializados, sem precisar se deslocar para grandes centros, garantindo mais rapidez e efici\u00eancia no cuidado.<br>Essa parceria fortalece a rede de sa\u00fade e promove um atendimento mais humano e conectado com as necessidades da regi\u00e3o.<br>Sa\u00fade Digital ccbs: tecnologia a servi\u00e7o da vida \ud83d\udcbb\u2764\ufe0f!<\/p><\/div><\/div>\n\n\n\n<div class=\"wp-block-uagb-container uagb-block-bf1fcbf6 alignfull uagb-is-root-container\"><div class=\"uagb-container-inner-blocks-wrap\">\n<div class=\"wp-block-uagb-container uagb-block-6aed5f34\">\n<div class=\"wp-block-uagb-image uagb-block-92843a1a wp-block-uagb-image--layout-default wp-block-uagb-image--effect-static wp-block-uagb-image--align-none\"><figure class=\"wp-block-uagb-image__figure\"><img decoding=\"async\" srcset=\"https:\/\/ccbs.uepa.br\/saudedigital\/wp-content\/uploads\/2024\/11\/WhatsApp-Image-2024-11-28-at-21.07.54-1024x584.jpeg ,https:\/\/ccbs.uepa.br\/saudedigital\/wp-content\/uploads\/2024\/11\/WhatsApp-Image-2024-11-28-at-21.07.54.jpeg 780w, https:\/\/ccbs.uepa.br\/saudedigital\/wp-content\/uploads\/2024\/11\/WhatsApp-Image-2024-11-28-at-21.07.54.jpeg 360w\" sizes=\"auto, (max-width: 480px) 150px\" src=\"https:\/\/ccbs.uepa.br\/saudedigital\/wp-content\/uploads\/2024\/11\/WhatsApp-Image-2024-11-28-at-21.07.54-1024x584.jpeg\" alt=\"\" class=\"uag-image-1040\" width=\"1024\" height=\"584\" title=\"WhatsApp Image 2024-11-28 at 21.07.54\" loading=\"lazy\" role=\"img\"\/><\/figure><\/div>\n<\/div>\n\n\n\n<div class=\"wp-block-uagb-container uagb-block-e683ee7e\">\n<div class=\"wp-block-uagb-image uagb-block-04e9a692 wp-block-uagb-image--layout-default wp-block-uagb-image--effect-static wp-block-uagb-image--align-none\"><figure class=\"wp-block-uagb-image__figure\"><img decoding=\"async\" srcset=\"https:\/\/ccbs.uepa.br\/saudedigital\/wp-content\/uploads\/2024\/11\/WhatsApp-Image-2024-11-28-at-21.02.39-1024x575.jpeg ,https:\/\/ccbs.uepa.br\/saudedigital\/wp-content\/uploads\/2024\/11\/WhatsApp-Image-2024-11-28-at-21.02.39.jpeg 780w, https:\/\/ccbs.uepa.br\/saudedigital\/wp-content\/uploads\/2024\/11\/WhatsApp-Image-2024-11-28-at-21.02.39.jpeg 360w\" sizes=\"auto, (max-width: 480px) 150px\" src=\"https:\/\/ccbs.uepa.br\/saudedigital\/wp-content\/uploads\/2024\/11\/WhatsApp-Image-2024-11-28-at-21.02.39-1024x575.jpeg\" alt=\"\" class=\"uag-image-1035\" width=\"1024\" height=\"575\" title=\"WhatsApp Image 2024-11-28 at 21.02.39\" loading=\"lazy\" role=\"img\"\/><\/figure><\/div>\n<\/div>\n<\/div><\/div>\n\n\n\n<p><\/p>\n","protected":false},"excerpt":{"rendered":"","protected":false},"author":2,"featured_media":0,"parent":0,"menu_order":0,"comment_status":"closed","ping_status":"closed","template":"","meta":{"_uag_custom_page_level_css":"","site-sidebar-layout":"default","site-content-layout":"","ast-site-content-layout":"","site-content-style":"default","site-sidebar-style":"default","ast-global-header-display":"","ast-banner-title-visibility":"","ast-main-header-display":"","ast-hfb-above-header-display":"","ast-hfb-below-header-display":"","ast-hfb-mobile-header-display":"","site-post-title":"","ast-breadcrumbs-content":"","ast-featured-img":"","footer-sml-layout":"","theme-transparent-header-meta":"","adv-header-id-meta":"","stick-header-meta":"","header-above-stick-meta":"","header-main-stick-meta":"","header-below-stick-meta":"","astra-migrate-meta-layouts":"default","ast-page-background-enabled":"default","ast-page-background-meta":{"desktop":{"background-color":"var(--ast-global-color-4)","background-image":"","background-repeat":"repeat","background-position":"center center","background-size":"auto","background-attachment":"scroll","background-type":"","background-media":"","overlay-type":"","overlay-color":"","overlay-gradient":""},"tablet":{"background-color":"","background-image":"","background-repeat":"repeat","background-position":"center center","background-size":"auto","background-attachment":"scroll","background-type":"","background-media":"","overlay-type":"","overlay-color":"","overlay-gradient":""},"mobile":{"background-color":"","background-image":"","background-repeat":"repeat","background-position":"center center","background-size":"auto","background-attachment":"scroll","background-type":"","background-media":"","overlay-type":"","overlay-color":"","overlay-gradient":""}},"ast-content-background-meta":{"desktop":{"background-color":"var(--ast-global-color-5)","background-image":"","background-repeat":"repeat","background-position":"center center","background-size":"auto","background-attachment":"scroll","background-type":"","background-media":"","overlay-type":"","overlay-color":"","overlay-gradient":""},"tablet":{"background-color":"var(--ast-global-color-5)","background-image":"","background-repeat":"repeat","background-position":"center center","background-size":"auto","background-attachment":"scroll","background-type":"","background-media":"","overlay-type":"","overlay-color":"","overlay-gradient":""},"mobile":{"background-color":"var(--ast-global-color-5)","background-image":"","background-repeat":"repeat","background-position":"center center","background-size":"auto","background-attachment":"scroll","background-type":"","background-media":"","overlay-type":"","overlay-color":"","overlay-gradient":""}},"footnotes":""},"class_list":["post-1055","page","type-page","status-publish","hentry"],"uagb_featured_image_src":{"full":false,"thumbnail":false,"medium":false,"medium_large":false,"large":false,"1536x1536":false,"2048x2048":false},"uagb_author_info":{"display_name":"hugo","author_link":"https:\/\/ccbs.uepa.br\/saudedigital\/author\/hugo-conteuepa-br\/"},"uagb_comment_info":0,"uagb_excerpt":null,"_links":{"self":[{"href":"https:\/\/ccbs.uepa.br\/saudedigital\/wp-json\/wp\/v2\/pages\/1055","targetHints":{"allow":["GET"]}}],"collection":[{"href":"https:\/\/ccbs.uepa.br\/saudedigital\/wp-json\/wp\/v2\/pages"}],"about":[{"href":"https:\/\/ccbs.uepa.br\/saudedigital\/wp-json\/wp\/v2\/types\/page"}],"author":[{"embeddable":true,"href":"https:\/\/ccbs.uepa.br\/saudedigital\/wp-json\/wp\/v2\/users\/2"}],"replies":[{"embeddable":true,"href":"https:\/\/ccbs.uepa.br\/saudedigital\/wp-json\/wp\/v2\/comments?post=1055"}],"version-history":[{"count":1,"href":"https:\/\/ccbs.uepa.br\/saudedigital\/wp-json\/wp\/v2\/pages\/1055\/revisions"}],"predecessor-version":[{"id":1056,"href":"https:\/\/ccbs.uepa.br\/saudedigital\/wp-json\/wp\/v2\/pages\/1055\/revisions\/1056"}],"wp:attachment":[{"href":"https:\/\/ccbs.uepa.br\/saudedigital\/wp-json\/wp\/v2\/media?parent=1055"}],"curies":[{"name":"wp","href":"https:\/\/api.w.org\/{rel}","templated":true}]}}