{"id":1102,"date":"2024-12-30T09:43:21","date_gmt":"2024-12-30T12:43:21","guid":{"rendered":"https:\/\/ccbs.uepa.br\/saudedigital\/?page_id=1102"},"modified":"2024-12-30T09:46:13","modified_gmt":"2024-12-30T12:46:13","slug":"1102-2","status":"publish","type":"page","link":"https:\/\/ccbs.uepa.br\/saudedigital\/1102-2\/","title":{"rendered":""},"content":{"rendered":"\n<div class=\"wp-block-uagb-info-box uagb-block-0fb1fa3d uagb-infobox__content-wrap  uagb-infobox-icon-above-title uagb-infobox-image-valign-top\"><div class=\"uagb-ifb-content\"><div class=\"uagb-ifb-icon-wrap\"><svg xmlns=\"https:\/\/www.w3.org\/2000\/svg\" viewBox=\"0 0 512 512\"><path d=\"M0 256C0 114.6 114.6 0 256 0C397.4 0 512 114.6 512 256C512 397.4 397.4 512 256 512C114.6 512 0 397.4 0 256zM371.8 211.8C382.7 200.9 382.7 183.1 371.8 172.2C360.9 161.3 343.1 161.3 332.2 172.2L224 280.4L179.8 236.2C168.9 225.3 151.1 225.3 140.2 236.2C129.3 247.1 129.3 264.9 140.2 275.8L204.2 339.8C215.1 350.7 232.9 350.7 243.8 339.8L371.8 211.8z\"><\/path><\/svg><\/div><div class=\"uagb-ifb-title-wrap\"><h3 class=\"uagb-ifb-title\">Retrospectiva do Projeto Sa\u00fade Digital CCBS &#8211; UEPA<br><\/h3><\/div><p class=\"uagb-ifb-desc\">\ud83d\udccd TRANSFORMANDO A SA\u00daDE NO PAR\u00c1!<br>O projeto Sa\u00fade Digital CCBS segue impactando positivamente a sa\u00fade p\u00fablica no estado do Par\u00e1. A ades\u00e3o crescente de munic\u00edpios ao longo do ano reflete o compromisso com a melhoria do acesso \u00e0 sa\u00fade, utilizando a teleconsultas especializadas e ferramentas digitais para capacitar os profissionais e melhorar os cuidados \u00e0 popula\u00e7\u00e3o. A iniciativa visa fortalecer os servi\u00e7os de sa\u00fade, diminuir as barreiras geogr\u00e1ficas e proporcionar um atendimento mais r\u00e1pido e eficiente.<br><br>Confira os Munic\u00edpios:<br>\ud83d\udd39 Altamira<br>\ud83d\udd39 Ananindeua<br>\ud83d\udd39 Benevides<br>\ud83d\udd39 Bom Jesus do Tocantins<br>\ud83d\udd39 Brejo Grande do Araguaia<br>\ud83d\udd39 Can\u00e3a dos Caraj\u00e1s<br>\ud83d\udd39 Comunidade Boa Vista (Oriximin\u00e1)<br>\ud83d\udd39 Curion\u00f3polis<br>\ud83d\udd39 Itaituba<br>\ud83d\udd39 Marab\u00e1<br>\ud83d\udd39 Marituba<br>\ud83d\udd39 Novo Progresso<br>\ud83d\udd39 Palestina do Par\u00e1<br>\ud83d\udd39 Pi\u00e7arra<br>\ud83d\udd39 Santa B\u00e1rbara<br>\ud83d\udd39 Santar\u00e9m<br>\ud83d\udd39 S\u00e3o Geraldo do Araguaia<br>\ud83d\udd39 S\u00e3o Jo\u00e3o do Araguaia<br>\ud83d\udd39 Tucuru\u00ed<br>\ud83c\udf10 Perspectivas para o Futuro<br><br>Com os resultados j\u00e1 alcan\u00e7ados e o crescimento constante do projeto, a expectativa \u00e9 expandir ainda mais a cobertura e garantir que todos os munic\u00edpios do Par\u00e1 possam usufruir dos benef\u00edcios da sa\u00fade digital. O compromisso com a inova\u00e7\u00e3o e com a qualidade na presta\u00e7\u00e3o de servi\u00e7os coloca o Sa\u00fade Digital CCBS como refer\u00eancia no estado.<br>Agradecemos a todos os munic\u00edpios parceiros e profissionais envolvidos nessa jornada!<br><br><br><br><br><\/p><\/div><\/div>\n\n\n\n<div class=\"wp-block-uagb-image aligncenter uagb-block-c3b0f20d wp-block-uagb-image--layout-default wp-block-uagb-image--effect-static wp-block-uagb-image--align-center\"><figure class=\"wp-block-uagb-image__figure\"><img decoding=\"async\" srcset=\"https:\/\/ccbs.uepa.br\/saudedigital\/wp-content\/uploads\/2024\/12\/WhatsApp-Image-2024-12-30-at-09.39.45-1024x1024.jpeg ,https:\/\/ccbs.uepa.br\/saudedigital\/wp-content\/uploads\/2024\/12\/WhatsApp-Image-2024-12-30-at-09.39.45.jpeg 780w, https:\/\/ccbs.uepa.br\/saudedigital\/wp-content\/uploads\/2024\/12\/WhatsApp-Image-2024-12-30-at-09.39.45.jpeg 360w\" sizes=\"auto, (max-width: 480px) 150px\" src=\"https:\/\/ccbs.uepa.br\/saudedigital\/wp-content\/uploads\/2024\/12\/WhatsApp-Image-2024-12-30-at-09.39.45-1024x1024.jpeg\" alt=\"\" class=\"uag-image-1100\" width=\"1024\" height=\"1024\" title=\"WhatsApp Image 2024-12-30 at 09.39.45\" loading=\"lazy\" role=\"img\"\/><\/figure><\/div>\n","protected":false},"excerpt":{"rendered":"","protected":false},"author":2,"featured_media":0,"parent":0,"menu_order":0,"comment_status":"closed","ping_status":"closed","template":"","meta":{"_uag_custom_page_level_css":"","site-sidebar-layout":"default","site-content-layout":"","ast-site-content-layout":"","site-content-style":"default","site-sidebar-style":"default","ast-global-header-display":"","ast-banner-title-visibility":"","ast-main-header-display":"","ast-hfb-above-header-display":"","ast-hfb-below-header-display":"","ast-hfb-mobile-header-display":"","site-post-title":"","ast-breadcrumbs-content":"","ast-featured-img":"","footer-sml-layout":"","theme-transparent-header-meta":"","adv-header-id-meta":"","stick-header-meta":"","header-above-stick-meta":"","header-main-stick-meta":"","header-below-stick-meta":"","astra-migrate-meta-layouts":"default","ast-page-background-enabled":"default","ast-page-background-meta":{"desktop":{"background-color":"var(--ast-global-color-4)","background-image":"","background-repeat":"repeat","background-position":"center center","background-size":"auto","background-attachment":"scroll","background-type":"","background-media":"","overlay-type":"","overlay-color":"","overlay-gradient":""},"tablet":{"background-color":"","background-image":"","background-repeat":"repeat","background-position":"center center","background-size":"auto","background-attachment":"scroll","background-type":"","background-media":"","overlay-type":"","overlay-color":"","overlay-gradient":""},"mobile":{"background-color":"","background-image":"","background-repeat":"repeat","background-position":"center center","background-size":"auto","background-attachment":"scroll","background-type":"","background-media":"","overlay-type":"","overlay-color":"","overlay-gradient":""}},"ast-content-background-meta":{"desktop":{"background-color":"var(--ast-global-color-5)","background-image":"","background-repeat":"repeat","background-position":"center center","background-size":"auto","background-attachment":"scroll","background-type":"","background-media":"","overlay-type":"","overlay-color":"","overlay-gradient":""},"tablet":{"background-color":"var(--ast-global-color-5)","background-image":"","background-repeat":"repeat","background-position":"center center","background-size":"auto","background-attachment":"scroll","background-type":"","background-media":"","overlay-type":"","overlay-color":"","overlay-gradient":""},"mobile":{"background-color":"var(--ast-global-color-5)","background-image":"","background-repeat":"repeat","background-position":"center center","background-size":"auto","background-attachment":"scroll","background-type":"","background-media":"","overlay-type":"","overlay-color":"","overlay-gradient":""}},"footnotes":""},"class_list":["post-1102","page","type-page","status-publish","hentry"],"uagb_featured_image_src":{"full":false,"thumbnail":false,"medium":false,"medium_large":false,"large":false,"1536x1536":false,"2048x2048":false},"uagb_author_info":{"display_name":"hugo","author_link":"https:\/\/ccbs.uepa.br\/saudedigital\/author\/hugo-conteuepa-br\/"},"uagb_comment_info":0,"uagb_excerpt":null,"_links":{"self":[{"href":"https:\/\/ccbs.uepa.br\/saudedigital\/wp-json\/wp\/v2\/pages\/1102","targetHints":{"allow":["GET"]}}],"collection":[{"href":"https:\/\/ccbs.uepa.br\/saudedigital\/wp-json\/wp\/v2\/pages"}],"about":[{"href":"https:\/\/ccbs.uepa.br\/saudedigital\/wp-json\/wp\/v2\/types\/page"}],"author":[{"embeddable":true,"href":"https:\/\/ccbs.uepa.br\/saudedigital\/wp-json\/wp\/v2\/users\/2"}],"replies":[{"embeddable":true,"href":"https:\/\/ccbs.uepa.br\/saudedigital\/wp-json\/wp\/v2\/comments?post=1102"}],"version-history":[{"count":3,"href":"https:\/\/ccbs.uepa.br\/saudedigital\/wp-json\/wp\/v2\/pages\/1102\/revisions"}],"predecessor-version":[{"id":1105,"href":"https:\/\/ccbs.uepa.br\/saudedigital\/wp-json\/wp\/v2\/pages\/1102\/revisions\/1105"}],"wp:attachment":[{"href":"https:\/\/ccbs.uepa.br\/saudedigital\/wp-json\/wp\/v2\/media?parent=1102"}],"curies":[{"name":"wp","href":"https:\/\/api.w.org\/{rel}","templated":true}]}}