{"id":1174,"date":"2025-03-31T14:58:39","date_gmt":"2025-03-31T17:58:39","guid":{"rendered":"https:\/\/ccbs.uepa.br\/saudedigital\/?page_id=1174"},"modified":"2025-03-31T15:01:35","modified_gmt":"2025-03-31T18:01:35","slug":"1174-2","status":"publish","type":"page","link":"https:\/\/ccbs.uepa.br\/saudedigital\/1174-2\/","title":{"rendered":""},"content":{"rendered":"\n<div class=\"wp-block-uagb-info-box uagb-block-a24b64e7 uagb-infobox__content-wrap  uagb-infobox-icon-above-title uagb-infobox-image-valign-top\"><div class=\"uagb-ifb-content\"><div class=\"uagb-ifb-icon-wrap\"><svg xmlns=\"https:\/\/www.w3.org\/2000\/svg\" viewBox=\"0 0 512 512\"><path d=\"M0 256C0 114.6 114.6 0 256 0C397.4 0 512 114.6 512 256C512 397.4 397.4 512 256 512C114.6 512 0 397.4 0 256zM371.8 211.8C382.7 200.9 382.7 183.1 371.8 172.2C360.9 161.3 343.1 161.3 332.2 172.2L224 280.4L179.8 236.2C168.9 225.3 151.1 225.3 140.2 236.2C129.3 247.1 129.3 264.9 140.2 275.8L204.2 339.8C215.1 350.7 232.9 350.7 243.8 339.8L371.8 211.8z\"><\/path><\/svg><\/div><div class=\"uagb-ifb-title-wrap\"><h3 class=\"uagb-ifb-title\">O liberal Rep\u00f3rter 70<\/h3><\/div><p class=\"uagb-ifb-desc\">Projeto Sa\u00fade Digital fortalece o atendimento m\u00e9dico especializado no Par\u00e1<br>Lan\u00e7ado no ano passado, o projeto Sa\u00fade Digital \u00e9 uma iniciativa inovadora vinculada ao Centro de Ci\u00eancias Biol\u00f3gicas e da Sa\u00fade (CCBS) da Universidade do Estado do Par\u00e1 (Uepa), em parceria com o Minist\u00e9rio da Sa\u00fade. <br><br>O objetivo \u00e9 ampliar o acesso da popula\u00e7\u00e3o \u00e0 sa\u00fade especializada e qualificar o atendimento na Aten\u00e7\u00e3o Prim\u00e1ria \u00e0 Sa\u00fade.<br>Desde seu in\u00edcio, o projeto j\u00e1 promoveu cerca de 50 webpalestras abertas ao p\u00fablico e realizou 1.272 consultas com m\u00e9dicos especialistas em diversas \u00e1reas, como cardiologia, neurologia, ortopedia, reumatologia, psiquiatria, urologia e dermatologia.<br><br>Por meio da extens\u00e3o universit\u00e1ria, o Sa\u00fade Digital tamb\u00e9m envolve bolsistas da \u00e1rea da sa\u00fade, promovendo a forma\u00e7\u00e3o pr\u00e1tica e contribuindo diretamente para a melhoria do sistema p\u00fablico de sa\u00fade. Com isso, o projeto busca reduzir as filas de espera por atendimento especializado e oferecer um cuidado mais \u00e1gil e eficiente para a popula\u00e7\u00e3o.<\/p><\/div><\/div>\n\n\n\n<div class=\"wp-block-uagb-image uagb-block-e385f3ac wp-block-uagb-image--layout-default wp-block-uagb-image--effect-static wp-block-uagb-image--align-none\"><figure class=\"wp-block-uagb-image__figure\"><img decoding=\"async\" srcset=\"https:\/\/ccbs.uepa.br\/saudedigital\/wp-content\/uploads\/2025\/03\/WhatsApp-Image-2025-03-31-at-11.26.26-825x1024.jpeg ,https:\/\/ccbs.uepa.br\/saudedigital\/wp-content\/uploads\/2025\/03\/WhatsApp-Image-2025-03-31-at-11.26.26.jpeg 780w, https:\/\/ccbs.uepa.br\/saudedigital\/wp-content\/uploads\/2025\/03\/WhatsApp-Image-2025-03-31-at-11.26.26.jpeg 360w\" sizes=\"auto, (max-width: 480px) 150px\" src=\"https:\/\/ccbs.uepa.br\/saudedigital\/wp-content\/uploads\/2025\/03\/WhatsApp-Image-2025-03-31-at-11.26.26-825x1024.jpeg\" alt=\"\" class=\"uag-image-1168\" width=\"600\" height=\"600\" title=\"WhatsApp Image 2025-03-31 at 11.26.26\" loading=\"lazy\" role=\"img\"\/><\/figure><\/div>\n","protected":false},"excerpt":{"rendered":"","protected":false},"author":2,"featured_media":0,"parent":0,"menu_order":0,"comment_status":"closed","ping_status":"closed","template":"","meta":{"_uag_custom_page_level_css":"","site-sidebar-layout":"default","site-content-layout":"","ast-site-content-layout":"","site-content-style":"default","site-sidebar-style":"default","ast-global-header-display":"","ast-banner-title-visibility":"","ast-main-header-display":"","ast-hfb-above-header-display":"","ast-hfb-below-header-display":"","ast-hfb-mobile-header-display":"","site-post-title":"","ast-breadcrumbs-content":"","ast-featured-img":"","footer-sml-layout":"","theme-transparent-header-meta":"","adv-header-id-meta":"","stick-header-meta":"","header-above-stick-meta":"","header-main-stick-meta":"","header-below-stick-meta":"","astra-migrate-meta-layouts":"default","ast-page-background-enabled":"default","ast-page-background-meta":{"desktop":{"background-color":"var(--ast-global-color-4)","background-image":"","background-repeat":"repeat","background-position":"center center","background-size":"auto","background-attachment":"scroll","background-type":"","background-media":"","overlay-type":"","overlay-color":"","overlay-gradient":""},"tablet":{"background-color":"","background-image":"","background-repeat":"repeat","background-position":"center center","background-size":"auto","background-attachment":"scroll","background-type":"","background-media":"","overlay-type":"","overlay-color":"","overlay-gradient":""},"mobile":{"background-color":"","background-image":"","background-repeat":"repeat","background-position":"center center","background-size":"auto","background-attachment":"scroll","background-type":"","background-media":"","overlay-type":"","overlay-color":"","overlay-gradient":""}},"ast-content-background-meta":{"desktop":{"background-color":"var(--ast-global-color-5)","background-image":"","background-repeat":"repeat","background-position":"center center","background-size":"auto","background-attachment":"scroll","background-type":"","background-media":"","overlay-type":"","overlay-color":"","overlay-gradient":""},"tablet":{"background-color":"var(--ast-global-color-5)","background-image":"","background-repeat":"repeat","background-position":"center center","background-size":"auto","background-attachment":"scroll","background-type":"","background-media":"","overlay-type":"","overlay-color":"","overlay-gradient":""},"mobile":{"background-color":"var(--ast-global-color-5)","background-image":"","background-repeat":"repeat","background-position":"center center","background-size":"auto","background-attachment":"scroll","background-type":"","background-media":"","overlay-type":"","overlay-color":"","overlay-gradient":""}},"footnotes":""},"class_list":["post-1174","page","type-page","status-publish","hentry"],"uagb_featured_image_src":{"full":false,"thumbnail":false,"medium":false,"medium_large":false,"large":false,"1536x1536":false,"2048x2048":false},"uagb_author_info":{"display_name":"hugo","author_link":"https:\/\/ccbs.uepa.br\/saudedigital\/author\/hugo-conteuepa-br\/"},"uagb_comment_info":0,"uagb_excerpt":null,"_links":{"self":[{"href":"https:\/\/ccbs.uepa.br\/saudedigital\/wp-json\/wp\/v2\/pages\/1174","targetHints":{"allow":["GET"]}}],"collection":[{"href":"https:\/\/ccbs.uepa.br\/saudedigital\/wp-json\/wp\/v2\/pages"}],"about":[{"href":"https:\/\/ccbs.uepa.br\/saudedigital\/wp-json\/wp\/v2\/types\/page"}],"author":[{"embeddable":true,"href":"https:\/\/ccbs.uepa.br\/saudedigital\/wp-json\/wp\/v2\/users\/2"}],"replies":[{"embeddable":true,"href":"https:\/\/ccbs.uepa.br\/saudedigital\/wp-json\/wp\/v2\/comments?post=1174"}],"version-history":[{"count":4,"href":"https:\/\/ccbs.uepa.br\/saudedigital\/wp-json\/wp\/v2\/pages\/1174\/revisions"}],"predecessor-version":[{"id":1180,"href":"https:\/\/ccbs.uepa.br\/saudedigital\/wp-json\/wp\/v2\/pages\/1174\/revisions\/1180"}],"wp:attachment":[{"href":"https:\/\/ccbs.uepa.br\/saudedigital\/wp-json\/wp\/v2\/media?parent=1174"}],"curies":[{"name":"wp","href":"https:\/\/api.w.org\/{rel}","templated":true}]}}