{"id":20,"date":"2024-05-21T20:38:59","date_gmt":"2024-05-21T23:38:59","guid":{"rendered":"https:\/\/ccbs.uepa.br\/saudedigital\/?page_id=20"},"modified":"2024-05-28T13:59:33","modified_gmt":"2024-05-28T16:59:33","slug":"institucional","status":"publish","type":"page","link":"https:\/\/ccbs.uepa.br\/saudedigital\/institucional\/","title":{"rendered":"Institucional"},"content":{"rendered":"\n<blockquote class=\"wp-block-quote is-layout-flow wp-block-quote-is-layout-flow\">\n<p><\/p>\n\n\n\n<p>A Sa\u00fade Digital , vinculado ao Centro de Ci\u00eancias Biol\u00f3gicas e da Sa\u00fade (CCBS) da Universidade do Estado do Par\u00e1 (UEPA), \u00e9 uma iniciativa inovadora que busca integrar as tecnologias digitais ao cuidado da sa\u00fade. Nosso objetivo \u00e9 aprimorar a qualidade dos servi\u00e7os de sa\u00fade, proporcionando maior acessibilidade, efici\u00eancia e personaliza\u00e7\u00e3o no atendimento aos pacientes.<\/p>\n\n\n\n<p>Por meio de ferramentas tecnol\u00f3gicas avan\u00e7adas e de um corpo docente altamente qualificado, o Sa\u00fade Digital UEPA CCBS promove a forma\u00e7\u00e3o de profissionais capacitados para enfrentar os desafios da sa\u00fade contempor\u00e2nea. Al\u00e9m disso, incentivamos a pesquisa e o desenvolvimento de solu\u00e7\u00f5es digitais que possam ser aplicadas em diversos contextos cl\u00ednicos e comunit\u00e1rios.<\/p>\n\n\n\n<p><strong>Miss\u00e3o<\/strong><br>Proporcionar educa\u00e7\u00e3o de excel\u00eancia e desenvolver solu\u00e7\u00f5es tecnol\u00f3gicas que promovam a inova\u00e7\u00e3o e a efici\u00eancia na \u00e1rea da sa\u00fade, melhorando a qualidade de vida da popula\u00e7\u00e3o.<\/p>\n\n\n\n<p><strong>Vis\u00e3o<\/strong><br>Ser refer\u00eancia nacional e internacional na integra\u00e7\u00e3o das tecnologias digitais com a sa\u00fade, destacando-se pela qualidade do ensino, pesquisa e inova\u00e7\u00e3o.<\/p>\n\n\n\n<p><strong>Valores<\/strong><\/p>\n\n\n\n<ul class=\"wp-block-list\">\n<li><strong>Inova\u00e7\u00e3o:<\/strong> Buscar constantemente novas solu\u00e7\u00f5es e tecnologias que contribuam para a evolu\u00e7\u00e3o do setor de sa\u00fade.<\/li>\n\n\n\n<li><strong>Qualidade:<\/strong> Manter um padr\u00e3o elevado de excel\u00eancia em todas as nossas atividades, tanto na forma\u00e7\u00e3o acad\u00eamica quanto nos servi\u00e7os oferecidos.<\/li>\n\n\n\n<li><strong>\u00c9tica:<\/strong> Atuar com integridade, responsabilidade e respeito a todos os envolvidos.<\/li>\n\n\n\n<li><strong>Acessibilidade:<\/strong> Promover a inclus\u00e3o digital e a democratiza\u00e7\u00e3o do acesso \u00e0 sa\u00fade de qualidade.<\/li>\n\n\n\n<li><strong>Sustentabilidade:<\/strong> Desenvolver pr\u00e1ticas que contribuam para a sustentabilidade social, econ\u00f4mica e ambiental na \u00e1rea da sa\u00fade.<\/li>\n<\/ul>\n<\/blockquote>\n","protected":false},"excerpt":{"rendered":"","protected":false},"author":1,"featured_media":0,"parent":0,"menu_order":0,"comment_status":"closed","ping_status":"closed","template":"","meta":{"_uag_custom_page_level_css":"","site-sidebar-layout":"default","site-content-layout":"","ast-site-content-layout":"","site-content-style":"default","site-sidebar-style":"default","ast-global-header-display":"","ast-banner-title-visibility":"","ast-main-header-display":"","ast-hfb-above-header-display":"","ast-hfb-below-header-display":"","ast-hfb-mobile-header-display":"","site-post-title":"","ast-breadcrumbs-content":"","ast-featured-img":"","footer-sml-layout":"","theme-transparent-header-meta":"","adv-header-id-meta":"","stick-header-meta":"","header-above-stick-meta":"","header-main-stick-meta":"","header-below-stick-meta":"","astra-migrate-meta-layouts":"default","ast-page-background-enabled":"default","ast-page-background-meta":{"desktop":{"background-color":"var(--ast-global-color-4)","background-image":"","background-repeat":"repeat","background-position":"center center","background-size":"auto","background-attachment":"scroll","background-type":"","background-media":"","overlay-type":"","overlay-color":"","overlay-gradient":""},"tablet":{"background-color":"","background-image":"","background-repeat":"repeat","background-position":"center center","background-size":"auto","background-attachment":"scroll","background-type":"","background-media":"","overlay-type":"","overlay-color":"","overlay-gradient":""},"mobile":{"background-color":"","background-image":"","background-repeat":"repeat","background-position":"center center","background-size":"auto","background-attachment":"scroll","background-type":"","background-media":"","overlay-type":"","overlay-color":"","overlay-gradient":""}},"ast-content-background-meta":{"desktop":{"background-color":"var(--ast-global-color-5)","background-image":"","background-repeat":"repeat","background-position":"center center","background-size":"auto","background-attachment":"scroll","background-type":"","background-media":"","overlay-type":"","overlay-color":"","overlay-gradient":""},"tablet":{"background-color":"var(--ast-global-color-5)","background-image":"","background-repeat":"repeat","background-position":"center center","background-size":"auto","background-attachment":"scroll","background-type":"","background-media":"","overlay-type":"","overlay-color":"","overlay-gradient":""},"mobile":{"background-color":"var(--ast-global-color-5)","background-image":"","background-repeat":"repeat","background-position":"center center","background-size":"auto","background-attachment":"scroll","background-type":"","background-media":"","overlay-type":"","overlay-color":"","overlay-gradient":""}},"footnotes":""},"class_list":["post-20","page","type-page","status-publish","hentry"],"uagb_featured_image_src":{"full":false,"thumbnail":false,"medium":false,"medium_large":false,"large":false,"1536x1536":false,"2048x2048":false},"uagb_author_info":{"display_name":"adminsites@uepa.br","author_link":"https:\/\/ccbs.uepa.br\/saudedigital\/author\/adminsitesuepa-br\/"},"uagb_comment_info":0,"uagb_excerpt":null,"_links":{"self":[{"href":"https:\/\/ccbs.uepa.br\/saudedigital\/wp-json\/wp\/v2\/pages\/20","targetHints":{"allow":["GET"]}}],"collection":[{"href":"https:\/\/ccbs.uepa.br\/saudedigital\/wp-json\/wp\/v2\/pages"}],"about":[{"href":"https:\/\/ccbs.uepa.br\/saudedigital\/wp-json\/wp\/v2\/types\/page"}],"author":[{"embeddable":true,"href":"https:\/\/ccbs.uepa.br\/saudedigital\/wp-json\/wp\/v2\/users\/1"}],"replies":[{"embeddable":true,"href":"https:\/\/ccbs.uepa.br\/saudedigital\/wp-json\/wp\/v2\/comments?post=20"}],"version-history":[{"count":15,"href":"https:\/\/ccbs.uepa.br\/saudedigital\/wp-json\/wp\/v2\/pages\/20\/revisions"}],"predecessor-version":[{"id":509,"href":"https:\/\/ccbs.uepa.br\/saudedigital\/wp-json\/wp\/v2\/pages\/20\/revisions\/509"}],"wp:attachment":[{"href":"https:\/\/ccbs.uepa.br\/saudedigital\/wp-json\/wp\/v2\/media?parent=20"}],"curies":[{"name":"wp","href":"https:\/\/api.w.org\/{rel}","templated":true}]}}