{"id":24,"date":"2024-05-21T20:39:38","date_gmt":"2024-05-21T23:39:38","guid":{"rendered":"https:\/\/ccbs.uepa.br\/saudedigital\/?page_id=24"},"modified":"2024-05-27T16:58:27","modified_gmt":"2024-05-27T19:58:27","slug":"teleconsulta","status":"publish","type":"page","link":"https:\/\/ccbs.uepa.br\/saudedigital\/teleconsulta\/","title":{"rendered":"Teleconsulta"},"content":{"rendered":"\n<p><\/p>\n\n\n\n<div class=\"wp-block-uagb-info-box uagb-block-8de894ab uagb-infobox__content-wrap  uagb-infobox-icon-above-title uagb-infobox-image-valign-top\"><div class=\"uagb-ifb-content\"><div class=\"uagb-ifb-icon-wrap\"><svg xmlns=\"https:\/\/www.w3.org\/2000\/svg\" viewBox=\"0 0 576 512\"><path d=\"M568.2 336.3c-13.12-17.81-38.14-21.66-55.93-8.469l-119.7 88.17h-120.6c-8.748 0-15.1-7.25-15.1-15.99c0-8.75 7.25-16 15.1-16h78.25c15.1 0 30.75-10.88 33.37-26.62c3.25-20-12.12-37.38-31.62-37.38H191.1c-26.1 0-53.12 9.25-74.12 26.25l-46.5 37.74L15.1 383.1C7.251 383.1 0 391.3 0 400v95.98C0 504.8 7.251 512 15.1 512h346.1c22.03 0 43.92-7.188 61.7-20.27l135.1-99.52C577.5 379.1 581.3 354.1 568.2 336.3zM160 176h64v64C224 248.8 231.2 256 240 256h64C312.8 256 320 248.8 320 240v-64h64c8.836 0 16-7.164 16-16V96c0-8.838-7.164-16-16-16h-64v-64C320 7.162 312.8 0 304 0h-64C231.2 0 224 7.162 224 16v64H160C151.2 80 144 87.16 144 96v64C144 168.8 151.2 176 160 176z\"><\/path><\/svg><\/div><div class=\"uagb-ifb-title-wrap\"><h3 class=\"uagb-ifb-title\"><strong>Consultas Dispon\u00edveis na Sa\u00fade Digital<\/strong> CCBS<\/h3><\/div><p class=\"uagb-ifb-desc\"><em>Voc\u00ea sabia que agora voc\u00ea pode acessar consultas m\u00e9dicas especializadas de forma r\u00e1pida e conveniente atrav\u00e9s da Uepa CCBS Sa\u00fade Digital? <\/em><br><em>Nossa plataforma oferece uma ampla gama de servi\u00e7os de teleconsulta para atender \u00e0s suas necessidades de sa\u00fade, sem que voc\u00ea precise sair de casa.<\/em><br><\/p><\/div><\/div>\n\n\n\n<div class=\"wp-block-uagb-container uagb-block-a5ed0124 default uagb-is-root-container\">\n<div class=\"wp-block-uagb-image aligncenter uagb-block-87d54df3 wp-block-uagb-image--layout-overlay wp-block-uagb-image--effect-zoomin wp-block-uagb-image--align-center\"><figure class=\"wp-block-uagb-image__figure\"><img decoding=\"async\" srcset=\"https:\/\/ccbs.uepa.br\/saudedigital\/wp-content\/uploads\/2024\/05\/neuro.jpg ,https:\/\/ccbs.uepa.br\/saudedigital\/wp-content\/uploads\/2024\/05\/neuro.jpg 780w, https:\/\/ccbs.uepa.br\/saudedigital\/wp-content\/uploads\/2024\/05\/neuro.jpg 360w\" sizes=\"auto, (max-width: 480px) 150px\" src=\"https:\/\/ccbs.uepa.br\/saudedigital\/wp-content\/uploads\/2024\/05\/neuro.jpg\" alt=\"\" class=\"uag-image-192\" width=\"350\" height=\"300\" title=\"neuro\" loading=\"lazy\" role=\"img\"\/><div class=\"wp-block-uagb-image--layout-overlay__color-wrapper\"><\/div><div class=\"wp-block-uagb-image--layout-overlay__inner center-center\"><h2 class=\"uagb-image-heading\">Neurologia<\/h2><\/div><\/figure><\/div>\n\n\n\n<div class=\"wp-block-uagb-image aligncenter uagb-block-517cf7ca wp-block-uagb-image--layout-overlay wp-block-uagb-image--effect-zoomin wp-block-uagb-image--align-center\"><figure class=\"wp-block-uagb-image__figure\"><img decoding=\"async\" srcset=\"https:\/\/ccbs.uepa.br\/saudedigital\/wp-content\/uploads\/2024\/05\/cardio.jpg ,https:\/\/ccbs.uepa.br\/saudedigital\/wp-content\/uploads\/2024\/05\/cardio.jpg 780w, https:\/\/ccbs.uepa.br\/saudedigital\/wp-content\/uploads\/2024\/05\/cardio.jpg 360w\" sizes=\"auto, (max-width: 480px) 150px\" src=\"https:\/\/ccbs.uepa.br\/saudedigital\/wp-content\/uploads\/2024\/05\/cardio.jpg\" alt=\"\" class=\"uag-image-194\" width=\"350\" height=\"300\" title=\"Human heart with ecg graph. 3d illustration\" loading=\"lazy\" role=\"img\"\/><div class=\"wp-block-uagb-image--layout-overlay__color-wrapper\"><\/div><div class=\"wp-block-uagb-image--layout-overlay__inner center-center\"><h2 class=\"uagb-image-heading\">Cardiologia<\/h2><\/div><\/figure><\/div>\n\n\n\n<div class=\"wp-block-uagb-image aligncenter uagb-block-7a100591 wp-block-uagb-image--layout-overlay wp-block-uagb-image--effect-zoomin wp-block-uagb-image--align-center\"><figure class=\"wp-block-uagb-image__figure\"><img decoding=\"async\" srcset=\"https:\/\/ccbs.uepa.br\/saudedigital\/wp-content\/uploads\/2024\/05\/dermato.jpg ,https:\/\/ccbs.uepa.br\/saudedigital\/wp-content\/uploads\/2024\/05\/dermato.jpg 780w, https:\/\/ccbs.uepa.br\/saudedigital\/wp-content\/uploads\/2024\/05\/dermato.jpg 360w\" sizes=\"auto, (max-width: 480px) 150px\" src=\"https:\/\/ccbs.uepa.br\/saudedigital\/wp-content\/uploads\/2024\/05\/dermato.jpg\" alt=\"\" class=\"uag-image-195\" width=\"350\" height=\"300\" title=\"dermato\" loading=\"lazy\" role=\"img\"\/><div class=\"wp-block-uagb-image--layout-overlay__color-wrapper\"><\/div><div class=\"wp-block-uagb-image--layout-overlay__inner center-center\"><h2 class=\"uagb-image-heading\">Dermatologia<\/h2><\/div><\/figure><\/div>\n<\/div>\n\n\n\n<div class=\"wp-block-uagb-container uagb-block-0163d0b1 default uagb-is-root-container\">\n<div class=\"wp-block-uagb-image aligncenter uagb-block-fddfb427 wp-block-uagb-image--layout-overlay wp-block-uagb-image--effect-zoomin wp-block-uagb-image--align-center\"><figure class=\"wp-block-uagb-image__figure\"><img decoding=\"async\" srcset=\"https:\/\/ccbs.uepa.br\/saudedigital\/wp-content\/uploads\/2024\/05\/ortopedia.jpg ,https:\/\/ccbs.uepa.br\/saudedigital\/wp-content\/uploads\/2024\/05\/ortopedia.jpg 780w, https:\/\/ccbs.uepa.br\/saudedigital\/wp-content\/uploads\/2024\/05\/ortopedia.jpg 360w\" sizes=\"auto, (max-width: 480px) 150px\" src=\"https:\/\/ccbs.uepa.br\/saudedigital\/wp-content\/uploads\/2024\/05\/ortopedia.jpg\" alt=\"\" class=\"uag-image-196\" width=\"350\" height=\"300\" title=\"ortopedia\" loading=\"lazy\" role=\"img\"\/><div class=\"wp-block-uagb-image--layout-overlay__color-wrapper\"><\/div><div class=\"wp-block-uagb-image--layout-overlay__inner center-center\"><h2 class=\"uagb-image-heading\">Ortopedia<\/h2><\/div><\/figure><\/div>\n\n\n\n<div class=\"wp-block-uagb-image aligncenter uagb-block-2ae0366a wp-block-uagb-image--layout-overlay wp-block-uagb-image--effect-zoomin wp-block-uagb-image--align-center\"><figure class=\"wp-block-uagb-image__figure\"><img decoding=\"async\" srcset=\"https:\/\/ccbs.uepa.br\/saudedigital\/wp-content\/uploads\/2024\/05\/fisiotera-aa.jpg ,https:\/\/ccbs.uepa.br\/saudedigital\/wp-content\/uploads\/2024\/05\/fisiotera-aa.jpg 780w, https:\/\/ccbs.uepa.br\/saudedigital\/wp-content\/uploads\/2024\/05\/fisiotera-aa.jpg 360w\" sizes=\"auto, (max-width: 480px) 150px\" src=\"https:\/\/ccbs.uepa.br\/saudedigital\/wp-content\/uploads\/2024\/05\/fisiotera-aa.jpg\" alt=\"\" class=\"uag-image-198\" width=\"350\" height=\"300\" title=\"fisiotera aa\" loading=\"lazy\" role=\"img\"\/><div class=\"wp-block-uagb-image--layout-overlay__color-wrapper\"><\/div><div class=\"wp-block-uagb-image--layout-overlay__inner center-center\"><h2 class=\"uagb-image-heading\">Fisioterapia<\/h2><\/div><\/figure><\/div>\n\n\n\n<div class=\"wp-block-uagb-image aligncenter uagb-block-d0d4a29a wp-block-uagb-image--layout-overlay wp-block-uagb-image--effect-zoomin wp-block-uagb-image--align-center\"><figure class=\"wp-block-uagb-image__figure\"><img decoding=\"async\" srcset=\"https:\/\/ccbs.uepa.br\/saudedigital\/wp-content\/uploads\/2024\/05\/psiq.jpg ,https:\/\/ccbs.uepa.br\/saudedigital\/wp-content\/uploads\/2024\/05\/psiq.jpg 780w, https:\/\/ccbs.uepa.br\/saudedigital\/wp-content\/uploads\/2024\/05\/psiq.jpg 360w\" sizes=\"auto, (max-width: 480px) 150px\" src=\"https:\/\/ccbs.uepa.br\/saudedigital\/wp-content\/uploads\/2024\/05\/psiq.jpg\" alt=\"\" class=\"uag-image-199\" width=\"350\" height=\"300\" title=\"psiq\" loading=\"lazy\" role=\"img\"\/><div class=\"wp-block-uagb-image--layout-overlay__color-wrapper\"><\/div><div class=\"wp-block-uagb-image--layout-overlay__inner center-center\"><h2 class=\"uagb-image-heading\">Psiquiatria<\/h2><\/div><\/figure><\/div>\n<\/div>\n\n\n\n<div class=\"wp-block-uagb-container uagb-block-2fe4b986 default uagb-is-root-container\">\n<div class=\"wp-block-uagb-image aligncenter uagb-block-314d81b0 wp-block-uagb-image--layout-overlay wp-block-uagb-image--effect-zoomin wp-block-uagb-image--align-center\"><figure class=\"wp-block-uagb-image__figure\"><img decoding=\"async\" srcset=\"https:\/\/ccbs.uepa.br\/saudedigital\/wp-content\/uploads\/2024\/05\/urologia-site.png ,https:\/\/ccbs.uepa.br\/saudedigital\/wp-content\/uploads\/2024\/05\/urologia-site.png 780w, https:\/\/ccbs.uepa.br\/saudedigital\/wp-content\/uploads\/2024\/05\/urologia-site.png 360w\" sizes=\"auto, (max-width: 480px) 150px\" src=\"https:\/\/ccbs.uepa.br\/saudedigital\/wp-content\/uploads\/2024\/05\/urologia-site.png\" alt=\"\" class=\"uag-image-498\" width=\"350\" height=\"300\" title=\"urologia site\" loading=\"lazy\" role=\"img\"\/><div class=\"wp-block-uagb-image--layout-overlay__color-wrapper\"><\/div><div class=\"wp-block-uagb-image--layout-overlay__inner center-center\"><h2 class=\"uagb-image-heading\">Urologia<\/h2><\/div><\/figure><\/div>\n\n\n\n<div class=\"wp-block-uagb-image aligncenter uagb-block-fc023e7a wp-block-uagb-image--layout-overlay wp-block-uagb-image--effect-zoomin wp-block-uagb-image--align-center\"><figure class=\"wp-block-uagb-image__figure\"><img decoding=\"async\" srcset=\"https:\/\/ccbs.uepa.br\/saudedigital\/wp-content\/uploads\/2024\/05\/rematologia.png ,https:\/\/ccbs.uepa.br\/saudedigital\/wp-content\/uploads\/2024\/05\/rematologia.png 780w, https:\/\/ccbs.uepa.br\/saudedigital\/wp-content\/uploads\/2024\/05\/rematologia.png 360w\" sizes=\"auto, (max-width: 480px) 150px\" src=\"https:\/\/ccbs.uepa.br\/saudedigital\/wp-content\/uploads\/2024\/05\/rematologia.png\" alt=\"\" class=\"uag-image-499\" width=\"350\" height=\"300\" title=\"rematologia\" loading=\"lazy\" role=\"img\"\/><div class=\"wp-block-uagb-image--layout-overlay__color-wrapper\"><\/div><div class=\"wp-block-uagb-image--layout-overlay__inner center-center\"><h2 class=\"uagb-image-heading\">Reumatologia<\/h2><\/div><\/figure><\/div>\n<\/div>\n","protected":false},"excerpt":{"rendered":"","protected":false},"author":1,"featured_media":0,"parent":0,"menu_order":0,"comment_status":"closed","ping_status":"closed","template":"","meta":{"_uag_custom_page_level_css":"","site-sidebar-layout":"default","site-content-layout":"","ast-site-content-layout":"","site-content-style":"default","site-sidebar-style":"default","ast-global-header-display":"","ast-banner-title-visibility":"","ast-main-header-display":"","ast-hfb-above-header-display":"","ast-hfb-below-header-display":"","ast-hfb-mobile-header-display":"","site-post-title":"","ast-breadcrumbs-content":"","ast-featured-img":"","footer-sml-layout":"","theme-transparent-header-meta":"","adv-header-id-meta":"","stick-header-meta":"","header-above-stick-meta":"","header-main-stick-meta":"","header-below-stick-meta":"","astra-migrate-meta-layouts":"default","ast-page-background-enabled":"default","ast-page-background-meta":{"desktop":{"background-color":"var(--ast-global-color-4)","background-image":"","background-repeat":"repeat","background-position":"center center","background-size":"auto","background-attachment":"scroll","background-type":"","background-media":"","overlay-type":"","overlay-color":"","overlay-gradient":""},"tablet":{"background-color":"","background-image":"","background-repeat":"repeat","background-position":"center center","background-size":"auto","background-attachment":"scroll","background-type":"","background-media":"","overlay-type":"","overlay-color":"","overlay-gradient":""},"mobile":{"background-color":"","background-image":"","background-repeat":"repeat","background-position":"center center","background-size":"auto","background-attachment":"scroll","background-type":"","background-media":"","overlay-type":"","overlay-color":"","overlay-gradient":""}},"ast-content-background-meta":{"desktop":{"background-color":"var(--ast-global-color-5)","background-image":"","background-repeat":"repeat","background-position":"center center","background-size":"auto","background-attachment":"scroll","background-type":"","background-media":"","overlay-type":"","overlay-color":"","overlay-gradient":""},"tablet":{"background-color":"var(--ast-global-color-5)","background-image":"","background-repeat":"repeat","background-position":"center center","background-size":"auto","background-attachment":"scroll","background-type":"","background-media":"","overlay-type":"","overlay-color":"","overlay-gradient":""},"mobile":{"background-color":"var(--ast-global-color-5)","background-image":"","background-repeat":"repeat","background-position":"center center","background-size":"auto","background-attachment":"scroll","background-type":"","background-media":"","overlay-type":"","overlay-color":"","overlay-gradient":""}},"footnotes":""},"class_list":["post-24","page","type-page","status-publish","hentry"],"uagb_featured_image_src":{"full":false,"thumbnail":false,"medium":false,"medium_large":false,"large":false,"1536x1536":false,"2048x2048":false},"uagb_author_info":{"display_name":"adminsites@uepa.br","author_link":"https:\/\/ccbs.uepa.br\/saudedigital\/author\/adminsitesuepa-br\/"},"uagb_comment_info":0,"uagb_excerpt":null,"_links":{"self":[{"href":"https:\/\/ccbs.uepa.br\/saudedigital\/wp-json\/wp\/v2\/pages\/24","targetHints":{"allow":["GET"]}}],"collection":[{"href":"https:\/\/ccbs.uepa.br\/saudedigital\/wp-json\/wp\/v2\/pages"}],"about":[{"href":"https:\/\/ccbs.uepa.br\/saudedigital\/wp-json\/wp\/v2\/types\/page"}],"author":[{"embeddable":true,"href":"https:\/\/ccbs.uepa.br\/saudedigital\/wp-json\/wp\/v2\/users\/1"}],"replies":[{"embeddable":true,"href":"https:\/\/ccbs.uepa.br\/saudedigital\/wp-json\/wp\/v2\/comments?post=24"}],"version-history":[{"count":11,"href":"https:\/\/ccbs.uepa.br\/saudedigital\/wp-json\/wp\/v2\/pages\/24\/revisions"}],"predecessor-version":[{"id":500,"href":"https:\/\/ccbs.uepa.br\/saudedigital\/wp-json\/wp\/v2\/pages\/24\/revisions\/500"}],"wp:attachment":[{"href":"https:\/\/ccbs.uepa.br\/saudedigital\/wp-json\/wp\/v2\/media?parent=24"}],"curies":[{"name":"wp","href":"https:\/\/api.w.org\/{rel}","templated":true}]}}