{"id":864,"date":"2024-09-07T19:33:49","date_gmt":"2024-09-07T22:33:49","guid":{"rendered":"https:\/\/ccbs.uepa.br\/saudedigital\/?page_id=864"},"modified":"2024-09-07T19:36:09","modified_gmt":"2024-09-07T22:36:09","slug":"864-2","status":"publish","type":"page","link":"https:\/\/ccbs.uepa.br\/saudedigital\/864-2\/","title":{"rendered":""},"content":{"rendered":"\n<div class=\"wp-block-uagb-info-box uagb-block-c6d9a721 uagb-infobox__content-wrap  uagb-infobox-icon-above-title uagb-infobox-image-valign-top\"><div class=\"uagb-ifb-content\"><div class=\"uagb-ifb-icon-wrap\"><svg xmlns=\"https:\/\/www.w3.org\/2000\/svg\" viewBox=\"0 0 512 512\"><path d=\"M0 256C0 114.6 114.6 0 256 0C397.4 0 512 114.6 512 256C512 397.4 397.4 512 256 512C114.6 512 0 397.4 0 256zM371.8 211.8C382.7 200.9 382.7 183.1 371.8 172.2C360.9 161.3 343.1 161.3 332.2 172.2L224 280.4L179.8 236.2C168.9 225.3 151.1 225.3 140.2 236.2C129.3 247.1 129.3 264.9 140.2 275.8L204.2 339.8C215.1 350.7 232.9 350.7 243.8 339.8L371.8 211.8z\"><\/path><\/svg><\/div><div class=\"uagb-ifb-title-wrap\"><h3 class=\"uagb-ifb-title\">Visita T\u00e9cnica na UEPA Campus XII &#8211; TAPAJ\u00d3S &#8211; SANTAR\u00c9M<\/h3><\/div><p class=\"uagb-ifb-desc\">No dia 03 de Setembro de 2024, a equipe da Sa\u00fade Digital do CCBS realizou uma visita t\u00e9cnica ao Campus XII da Universidade do Estado do Par\u00e1 (UEPA), em Santar\u00e9m, o objetivo principal da visita foi debater a implementa\u00e7\u00e3o do projeto de telessa\u00fade, al\u00e9m de conhecer as instala\u00e7\u00f5es e realizar reuni\u00f5es com professores e profissionais da \u00e1rea da sa\u00fade. A equipe da Sa\u00fade Digital aproveitou a oportunidade para explorar as diversas \u00e1reas do campus, com foco na sala de telessa\u00fade, equipada com tecnologia avan\u00e7ada para teleconsultas e outras pr\u00e1ticas digitais em sa\u00fade.<br><br>A intera\u00e7\u00e3o com docentes do campus foram fundamentais para ajustar o projeto \u00e0s necessidades locais e garantir uma aplica\u00e7\u00e3o eficaz da telessa\u00fade. Durante as reuni\u00f5es, foram discutidas estrat\u00e9gias de expans\u00e3o e melhorias, com base nos feedbacks recebidos. A colabora\u00e7\u00e3o e o comprometimento dos profissionais da UEPA demonstraram a import\u00e2ncia de integrar o ensino acad\u00eamico com a inova\u00e7\u00e3o tecnol\u00f3gica em sa\u00fade.<br><br>Com a implanta\u00e7\u00e3o da teleconsulta e webpalestras, o munic\u00edpio de Santar\u00e9m ser\u00e1 diretamente beneficiado, pois ter\u00e1 acesso facilitado a consultas especializadas e a capacita\u00e7\u00f5es constantes para seus profissionais de sa\u00fade. A implanta\u00e7\u00e3o do Sa\u00fade Digital \u00e9 um passo essencial para promover a acessibilidade e melhorar a qualidade dos servi\u00e7os de sa\u00fade na regi\u00e3o, com grande potencial de impacto positivo. A expans\u00e3o futura do projeto para outros campi da UEPA e munic\u00edpios vizinhos promete ampliar ainda mais os benef\u00edcios do programa.<\/p><\/div><\/div>\n\n\n\n<figure class=\"wp-block-gallery has-nested-images columns-4 is-cropped wp-block-gallery-1 is-layout-flex wp-block-gallery-is-layout-flex\">\n<figure class=\"wp-block-image size-large\"><img loading=\"lazy\" decoding=\"async\" width=\"768\" height=\"1024\" data-id=\"843\" src=\"https:\/\/ccbs.uepa.br\/saudedigital\/wp-content\/uploads\/2024\/09\/WhatsApp-Image-2024-09-07-at-18.55.52-9-768x1024.jpeg\" alt=\"\" class=\"wp-image-843\" srcset=\"https:\/\/ccbs.uepa.br\/saudedigital\/wp-content\/uploads\/2024\/09\/WhatsApp-Image-2024-09-07-at-18.55.52-9-768x1024.jpeg 768w, https:\/\/ccbs.uepa.br\/saudedigital\/wp-content\/uploads\/2024\/09\/WhatsApp-Image-2024-09-07-at-18.55.52-9-225x300.jpeg 225w, https:\/\/ccbs.uepa.br\/saudedigital\/wp-content\/uploads\/2024\/09\/WhatsApp-Image-2024-09-07-at-18.55.52-9.jpeg 960w\" sizes=\"auto, (max-width: 768px) 100vw, 768px\" \/><\/figure>\n\n\n\n<figure class=\"wp-block-image size-large\"><img loading=\"lazy\" decoding=\"async\" width=\"768\" height=\"1024\" data-id=\"840\" src=\"https:\/\/ccbs.uepa.br\/saudedigital\/wp-content\/uploads\/2024\/09\/WhatsApp-Image-2024-09-07-at-18.55.52-6-768x1024.jpeg\" alt=\"\" class=\"wp-image-840\" srcset=\"https:\/\/ccbs.uepa.br\/saudedigital\/wp-content\/uploads\/2024\/09\/WhatsApp-Image-2024-09-07-at-18.55.52-6-768x1024.jpeg 768w, https:\/\/ccbs.uepa.br\/saudedigital\/wp-content\/uploads\/2024\/09\/WhatsApp-Image-2024-09-07-at-18.55.52-6-225x300.jpeg 225w, https:\/\/ccbs.uepa.br\/saudedigital\/wp-content\/uploads\/2024\/09\/WhatsApp-Image-2024-09-07-at-18.55.52-6.jpeg 960w\" sizes=\"auto, (max-width: 768px) 100vw, 768px\" \/><\/figure>\n\n\n\n<figure class=\"wp-block-image size-large\"><img loading=\"lazy\" decoding=\"async\" width=\"768\" height=\"1024\" data-id=\"841\" src=\"https:\/\/ccbs.uepa.br\/saudedigital\/wp-content\/uploads\/2024\/09\/WhatsApp-Image-2024-09-07-at-18.55.52-7-768x1024.jpeg\" alt=\"\" class=\"wp-image-841\" srcset=\"https:\/\/ccbs.uepa.br\/saudedigital\/wp-content\/uploads\/2024\/09\/WhatsApp-Image-2024-09-07-at-18.55.52-7-768x1024.jpeg 768w, https:\/\/ccbs.uepa.br\/saudedigital\/wp-content\/uploads\/2024\/09\/WhatsApp-Image-2024-09-07-at-18.55.52-7-225x300.jpeg 225w, https:\/\/ccbs.uepa.br\/saudedigital\/wp-content\/uploads\/2024\/09\/WhatsApp-Image-2024-09-07-at-18.55.52-7.jpeg 960w\" sizes=\"auto, (max-width: 768px) 100vw, 768px\" \/><\/figure>\n\n\n\n<figure class=\"wp-block-image size-large\"><img loading=\"lazy\" decoding=\"async\" width=\"768\" height=\"1024\" data-id=\"842\" src=\"https:\/\/ccbs.uepa.br\/saudedigital\/wp-content\/uploads\/2024\/09\/WhatsApp-Image-2024-09-07-at-18.55.52-8-768x1024.jpeg\" alt=\"\" class=\"wp-image-842\" srcset=\"https:\/\/ccbs.uepa.br\/saudedigital\/wp-content\/uploads\/2024\/09\/WhatsApp-Image-2024-09-07-at-18.55.52-8-768x1024.jpeg 768w, https:\/\/ccbs.uepa.br\/saudedigital\/wp-content\/uploads\/2024\/09\/WhatsApp-Image-2024-09-07-at-18.55.52-8-225x300.jpeg 225w, https:\/\/ccbs.uepa.br\/saudedigital\/wp-content\/uploads\/2024\/09\/WhatsApp-Image-2024-09-07-at-18.55.52-8.jpeg 960w\" sizes=\"auto, (max-width: 768px) 100vw, 768px\" \/><\/figure>\n\n\n\n<figure class=\"wp-block-image size-large\"><img loading=\"lazy\" decoding=\"async\" width=\"768\" height=\"1024\" data-id=\"839\" src=\"https:\/\/ccbs.uepa.br\/saudedigital\/wp-content\/uploads\/2024\/09\/WhatsApp-Image-2024-09-07-at-18.55.52-3-768x1024.jpeg\" alt=\"\" class=\"wp-image-839\" srcset=\"https:\/\/ccbs.uepa.br\/saudedigital\/wp-content\/uploads\/2024\/09\/WhatsApp-Image-2024-09-07-at-18.55.52-3-768x1024.jpeg 768w, https:\/\/ccbs.uepa.br\/saudedigital\/wp-content\/uploads\/2024\/09\/WhatsApp-Image-2024-09-07-at-18.55.52-3-225x300.jpeg 225w, https:\/\/ccbs.uepa.br\/saudedigital\/wp-content\/uploads\/2024\/09\/WhatsApp-Image-2024-09-07-at-18.55.52-3.jpeg 960w\" sizes=\"auto, (max-width: 768px) 100vw, 768px\" \/><\/figure>\n\n\n\n<figure class=\"wp-block-image size-large\"><img loading=\"lazy\" decoding=\"async\" width=\"768\" height=\"1024\" data-id=\"838\" src=\"https:\/\/ccbs.uepa.br\/saudedigital\/wp-content\/uploads\/2024\/09\/WhatsApp-Image-2024-09-07-at-18.55.51-768x1024.jpeg\" alt=\"\" class=\"wp-image-838\" srcset=\"https:\/\/ccbs.uepa.br\/saudedigital\/wp-content\/uploads\/2024\/09\/WhatsApp-Image-2024-09-07-at-18.55.51-768x1024.jpeg 768w, https:\/\/ccbs.uepa.br\/saudedigital\/wp-content\/uploads\/2024\/09\/WhatsApp-Image-2024-09-07-at-18.55.51-225x300.jpeg 225w, https:\/\/ccbs.uepa.br\/saudedigital\/wp-content\/uploads\/2024\/09\/WhatsApp-Image-2024-09-07-at-18.55.51.jpeg 960w\" sizes=\"auto, (max-width: 768px) 100vw, 768px\" \/><\/figure>\n\n\n\n<figure class=\"wp-block-image size-large\"><img loading=\"lazy\" decoding=\"async\" width=\"1024\" height=\"768\" data-id=\"837\" src=\"https:\/\/ccbs.uepa.br\/saudedigital\/wp-content\/uploads\/2024\/09\/WhatsApp-Image-2024-09-07-at-18.55.51-3-1024x768.jpeg\" alt=\"\" class=\"wp-image-837\" srcset=\"https:\/\/ccbs.uepa.br\/saudedigital\/wp-content\/uploads\/2024\/09\/WhatsApp-Image-2024-09-07-at-18.55.51-3-1024x768.jpeg 1024w, https:\/\/ccbs.uepa.br\/saudedigital\/wp-content\/uploads\/2024\/09\/WhatsApp-Image-2024-09-07-at-18.55.51-3-300x225.jpeg 300w, https:\/\/ccbs.uepa.br\/saudedigital\/wp-content\/uploads\/2024\/09\/WhatsApp-Image-2024-09-07-at-18.55.51-3-768x576.jpeg 768w, https:\/\/ccbs.uepa.br\/saudedigital\/wp-content\/uploads\/2024\/09\/WhatsApp-Image-2024-09-07-at-18.55.51-3.jpeg 1280w\" sizes=\"auto, (max-width: 1024px) 100vw, 1024px\" \/><\/figure>\n\n\n\n<figure class=\"wp-block-image size-large\"><img loading=\"lazy\" decoding=\"async\" width=\"768\" height=\"1024\" data-id=\"836\" src=\"https:\/\/ccbs.uepa.br\/saudedigital\/wp-content\/uploads\/2024\/09\/WhatsApp-Image-2024-09-07-at-18.55.51-2-768x1024.jpeg\" alt=\"\" class=\"wp-image-836\" srcset=\"https:\/\/ccbs.uepa.br\/saudedigital\/wp-content\/uploads\/2024\/09\/WhatsApp-Image-2024-09-07-at-18.55.51-2-768x1024.jpeg 768w, https:\/\/ccbs.uepa.br\/saudedigital\/wp-content\/uploads\/2024\/09\/WhatsApp-Image-2024-09-07-at-18.55.51-2-225x300.jpeg 225w, https:\/\/ccbs.uepa.br\/saudedigital\/wp-content\/uploads\/2024\/09\/WhatsApp-Image-2024-09-07-at-18.55.51-2.jpeg 960w\" sizes=\"auto, (max-width: 768px) 100vw, 768px\" \/><\/figure>\n<\/figure>\n\n\n\n<p><\/p>\n","protected":false},"excerpt":{"rendered":"","protected":false},"author":2,"featured_media":0,"parent":0,"menu_order":0,"comment_status":"closed","ping_status":"closed","template":"","meta":{"_uag_custom_page_level_css":"","site-sidebar-layout":"default","site-content-layout":"","ast-site-content-layout":"","site-content-style":"default","site-sidebar-style":"default","ast-global-header-display":"","ast-banner-title-visibility":"","ast-main-header-display":"","ast-hfb-above-header-display":"","ast-hfb-below-header-display":"","ast-hfb-mobile-header-display":"","site-post-title":"","ast-breadcrumbs-content":"","ast-featured-img":"","footer-sml-layout":"","theme-transparent-header-meta":"","adv-header-id-meta":"","stick-header-meta":"","header-above-stick-meta":"","header-main-stick-meta":"","header-below-stick-meta":"","astra-migrate-meta-layouts":"default","ast-page-background-enabled":"default","ast-page-background-meta":{"desktop":{"background-color":"var(--ast-global-color-4)","background-image":"","background-repeat":"repeat","background-position":"center center","background-size":"auto","background-attachment":"scroll","background-type":"","background-media":"","overlay-type":"","overlay-color":"","overlay-gradient":""},"tablet":{"background-color":"","background-image":"","background-repeat":"repeat","background-position":"center center","background-size":"auto","background-attachment":"scroll","background-type":"","background-media":"","overlay-type":"","overlay-color":"","overlay-gradient":""},"mobile":{"background-color":"","background-image":"","background-repeat":"repeat","background-position":"center center","background-size":"auto","background-attachment":"scroll","background-type":"","background-media":"","overlay-type":"","overlay-color":"","overlay-gradient":""}},"ast-content-background-meta":{"desktop":{"background-color":"var(--ast-global-color-5)","background-image":"","background-repeat":"repeat","background-position":"center center","background-size":"auto","background-attachment":"scroll","background-type":"","background-media":"","overlay-type":"","overlay-color":"","overlay-gradient":""},"tablet":{"background-color":"var(--ast-global-color-5)","background-image":"","background-repeat":"repeat","background-position":"center center","background-size":"auto","background-attachment":"scroll","background-type":"","background-media":"","overlay-type":"","overlay-color":"","overlay-gradient":""},"mobile":{"background-color":"var(--ast-global-color-5)","background-image":"","background-repeat":"repeat","background-position":"center center","background-size":"auto","background-attachment":"scroll","background-type":"","background-media":"","overlay-type":"","overlay-color":"","overlay-gradient":""}},"footnotes":""},"class_list":["post-864","page","type-page","status-publish","hentry"],"uagb_featured_image_src":{"full":false,"thumbnail":false,"medium":false,"medium_large":false,"large":false,"1536x1536":false,"2048x2048":false},"uagb_author_info":{"display_name":"hugo","author_link":"https:\/\/ccbs.uepa.br\/saudedigital\/author\/hugo-conteuepa-br\/"},"uagb_comment_info":0,"uagb_excerpt":null,"_links":{"self":[{"href":"https:\/\/ccbs.uepa.br\/saudedigital\/wp-json\/wp\/v2\/pages\/864","targetHints":{"allow":["GET"]}}],"collection":[{"href":"https:\/\/ccbs.uepa.br\/saudedigital\/wp-json\/wp\/v2\/pages"}],"about":[{"href":"https:\/\/ccbs.uepa.br\/saudedigital\/wp-json\/wp\/v2\/types\/page"}],"author":[{"embeddable":true,"href":"https:\/\/ccbs.uepa.br\/saudedigital\/wp-json\/wp\/v2\/users\/2"}],"replies":[{"embeddable":true,"href":"https:\/\/ccbs.uepa.br\/saudedigital\/wp-json\/wp\/v2\/comments?post=864"}],"version-history":[{"count":3,"href":"https:\/\/ccbs.uepa.br\/saudedigital\/wp-json\/wp\/v2\/pages\/864\/revisions"}],"predecessor-version":[{"id":868,"href":"https:\/\/ccbs.uepa.br\/saudedigital\/wp-json\/wp\/v2\/pages\/864\/revisions\/868"}],"wp:attachment":[{"href":"https:\/\/ccbs.uepa.br\/saudedigital\/wp-json\/wp\/v2\/media?parent=864"}],"curies":[{"name":"wp","href":"https:\/\/api.w.org\/{rel}","templated":true}]}}