{"id":893,"date":"2024-09-10T18:48:47","date_gmt":"2024-09-10T21:48:47","guid":{"rendered":"https:\/\/ccbs.uepa.br\/saudedigital\/?page_id=893"},"modified":"2024-09-10T18:56:38","modified_gmt":"2024-09-10T21:56:38","slug":"893-2","status":"publish","type":"page","link":"https:\/\/ccbs.uepa.br\/saudedigital\/893-2\/","title":{"rendered":""},"content":{"rendered":"\n<div class=\"wp-block-uagb-info-box uagb-block-2332f6f7 uagb-infobox__content-wrap  uagb-infobox-icon-above-title uagb-infobox-image-valign-top\"><div class=\"uagb-ifb-content\"><div class=\"uagb-ifb-icon-wrap\"><svg xmlns=\"https:\/\/www.w3.org\/2000\/svg\" viewBox=\"0 0 512 512\"><path d=\"M0 256C0 114.6 114.6 0 256 0C397.4 0 512 114.6 512 256C512 397.4 397.4 512 256 512C114.6 512 0 397.4 0 256zM371.8 211.8C382.7 200.9 382.7 183.1 371.8 172.2C360.9 161.3 343.1 161.3 332.2 172.2L224 280.4L179.8 236.2C168.9 225.3 151.1 225.3 140.2 236.2C129.3 247.1 129.3 264.9 140.2 275.8L204.2 339.8C215.1 350.7 232.9 350.7 243.8 339.8L371.8 211.8z\"><\/path><\/svg><\/div><div class=\"uagb-ifb-title-wrap\"><h3 class=\"uagb-ifb-title\">O Globo<\/h3><\/div><p class=\"uagb-ifb-desc\">O Globo<br>\ud83c\udf0d <strong>Telessa\u00fade em Alta: Sucesso no G20 e Avan\u00e7os no Brasil<\/strong> \ud83c\udf1f<br>No contexto do G20, a sa\u00fade digital tem sido destacada como uma solu\u00e7\u00e3o inovadora para tornar atendimentos mais r\u00e1pidos, acess\u00edveis e econ\u00f4micos, especialmente em \u00e1reas remotas. No Brasil, o programa SUS Digital teve um impacto significativo, realizando 4,6 milh\u00f5es de a\u00e7\u00f5es de telessa\u00fade desde janeiro do ano passado at\u00e9 junho deste ano, incluindo teleconsultas, teleconsultorias e telediagn\u00f3sticos. \ud83e\ude7a\ud83d\udcc8<br><br>Recentemente, iniciativas como o projeto Sa\u00fade Digital da Universidade do Estado do Par\u00e1 (UEPA) t\u00eam ampliado o acesso a especialidades m\u00e9dicas em munic\u00edpios isolados. Em junho, uma usu\u00e1ria foi atendida online por um m\u00e9dico da UEPA, resultando em melhorias no tratamento de seu filho. \ud83c\udf10\ud83c\udfe5<br>Al\u00e9m disso, o Brasil est\u00e1 expandindo o uso de telessa\u00fade para UTIs e realizando diagn\u00f3sticos especializados em v\u00e1rias regi\u00f5es. A Telessa\u00fade tamb\u00e9m tem demonstrado reduzir custos e melhorar a qualidade dos cuidados. \ud83d\udcbb\ud83d\udd2c<br><br>No entanto, desafios como a conectividade ainda precisam ser superados para garantir a implementa\u00e7\u00e3o eficaz dessas tecnologias em todo o pa\u00eds. \ud83c\udf10\u26a0\ufe0f<br>Para acessar o conte\u00fado completo e explorar mais sobre os avan\u00e7os e desafios da sa\u00fade digital no Brasil, visite nosso site. \ud83c\udf10 <a>Acesse a <\/a>\u00edntegra <a href=\"https:\/\/oglobo.globo.com\/saude\/noticia\/2024\/08\/09\/telessaude-sucesso-no-g20-saude-digital-e-aposta-para-atendimentos-mais-rapidos-baratos-e-em-areas-remotas.ghtml\">aqui<\/a><\/p><\/div><\/div>\n\n\n\n<figure class=\"wp-block-image aligncenter size-full is-resized\"><a href=\"https:\/\/oglobo.globo.com\/saude\/noticia\/2024\/08\/09\/telessaude-sucesso-no-g20-saude-digital-e-aposta-para-atendimentos-mais-rapidos-baratos-e-em-areas-remotas.ghtml\"><img loading=\"lazy\" decoding=\"async\" width=\"1000\" height=\"1000\" src=\"https:\/\/ccbs.uepa.br\/saudedigital\/wp-content\/uploads\/2024\/09\/oglobo.jpg\" alt=\"\" class=\"wp-image-882\" style=\"width:258px;height:auto\" srcset=\"https:\/\/ccbs.uepa.br\/saudedigital\/wp-content\/uploads\/2024\/09\/oglobo.jpg 1000w, https:\/\/ccbs.uepa.br\/saudedigital\/wp-content\/uploads\/2024\/09\/oglobo-300x300.jpg 300w, https:\/\/ccbs.uepa.br\/saudedigital\/wp-content\/uploads\/2024\/09\/oglobo-150x150.jpg 150w, https:\/\/ccbs.uepa.br\/saudedigital\/wp-content\/uploads\/2024\/09\/oglobo-768x768.jpg 768w\" sizes=\"auto, (max-width: 1000px) 100vw, 1000px\" \/><\/a><\/figure>\n","protected":false},"excerpt":{"rendered":"","protected":false},"author":2,"featured_media":0,"parent":0,"menu_order":0,"comment_status":"closed","ping_status":"closed","template":"","meta":{"_uag_custom_page_level_css":"","site-sidebar-layout":"default","site-content-layout":"","ast-site-content-layout":"","site-content-style":"default","site-sidebar-style":"default","ast-global-header-display":"","ast-banner-title-visibility":"","ast-main-header-display":"","ast-hfb-above-header-display":"","ast-hfb-below-header-display":"","ast-hfb-mobile-header-display":"","site-post-title":"","ast-breadcrumbs-content":"","ast-featured-img":"","footer-sml-layout":"","theme-transparent-header-meta":"","adv-header-id-meta":"","stick-header-meta":"","header-above-stick-meta":"","header-main-stick-meta":"","header-below-stick-meta":"","astra-migrate-meta-layouts":"default","ast-page-background-enabled":"default","ast-page-background-meta":{"desktop":{"background-color":"var(--ast-global-color-4)","background-image":"","background-repeat":"repeat","background-position":"center center","background-size":"auto","background-attachment":"scroll","background-type":"","background-media":"","overlay-type":"","overlay-color":"","overlay-gradient":""},"tablet":{"background-color":"","background-image":"","background-repeat":"repeat","background-position":"center center","background-size":"auto","background-attachment":"scroll","background-type":"","background-media":"","overlay-type":"","overlay-color":"","overlay-gradient":""},"mobile":{"background-color":"","background-image":"","background-repeat":"repeat","background-position":"center center","background-size":"auto","background-attachment":"scroll","background-type":"","background-media":"","overlay-type":"","overlay-color":"","overlay-gradient":""}},"ast-content-background-meta":{"desktop":{"background-color":"var(--ast-global-color-5)","background-image":"","background-repeat":"repeat","background-position":"center center","background-size":"auto","background-attachment":"scroll","background-type":"","background-media":"","overlay-type":"","overlay-color":"","overlay-gradient":""},"tablet":{"background-color":"var(--ast-global-color-5)","background-image":"","background-repeat":"repeat","background-position":"center center","background-size":"auto","background-attachment":"scroll","background-type":"","background-media":"","overlay-type":"","overlay-color":"","overlay-gradient":""},"mobile":{"background-color":"var(--ast-global-color-5)","background-image":"","background-repeat":"repeat","background-position":"center center","background-size":"auto","background-attachment":"scroll","background-type":"","background-media":"","overlay-type":"","overlay-color":"","overlay-gradient":""}},"footnotes":""},"class_list":["post-893","page","type-page","status-publish","hentry"],"uagb_featured_image_src":{"full":false,"thumbnail":false,"medium":false,"medium_large":false,"large":false,"1536x1536":false,"2048x2048":false},"uagb_author_info":{"display_name":"hugo","author_link":"https:\/\/ccbs.uepa.br\/saudedigital\/author\/hugo-conteuepa-br\/"},"uagb_comment_info":0,"uagb_excerpt":null,"_links":{"self":[{"href":"https:\/\/ccbs.uepa.br\/saudedigital\/wp-json\/wp\/v2\/pages\/893","targetHints":{"allow":["GET"]}}],"collection":[{"href":"https:\/\/ccbs.uepa.br\/saudedigital\/wp-json\/wp\/v2\/pages"}],"about":[{"href":"https:\/\/ccbs.uepa.br\/saudedigital\/wp-json\/wp\/v2\/types\/page"}],"author":[{"embeddable":true,"href":"https:\/\/ccbs.uepa.br\/saudedigital\/wp-json\/wp\/v2\/users\/2"}],"replies":[{"embeddable":true,"href":"https:\/\/ccbs.uepa.br\/saudedigital\/wp-json\/wp\/v2\/comments?post=893"}],"version-history":[{"count":3,"href":"https:\/\/ccbs.uepa.br\/saudedigital\/wp-json\/wp\/v2\/pages\/893\/revisions"}],"predecessor-version":[{"id":901,"href":"https:\/\/ccbs.uepa.br\/saudedigital\/wp-json\/wp\/v2\/pages\/893\/revisions\/901"}],"wp:attachment":[{"href":"https:\/\/ccbs.uepa.br\/saudedigital\/wp-json\/wp\/v2\/media?parent=893"}],"curies":[{"name":"wp","href":"https:\/\/api.w.org\/{rel}","templated":true}]}}