{"id":919,"date":"2024-09-21T14:25:30","date_gmt":"2024-09-21T17:25:30","guid":{"rendered":"https:\/\/ccbs.uepa.br\/saudedigital\/?page_id=919"},"modified":"2024-09-21T14:39:52","modified_gmt":"2024-09-21T17:39:52","slug":"919-2","status":"publish","type":"page","link":"https:\/\/ccbs.uepa.br\/saudedigital\/919-2\/","title":{"rendered":"Prefeitura Municipal de Pi\u00e7arra"},"content":{"rendered":"\n<div class=\"wp-block-media-text is-stacked-on-mobile\"><figure class=\"wp-block-media-text__media\"><img loading=\"lazy\" decoding=\"async\" width=\"1024\" height=\"592\" src=\"https:\/\/ccbs.uepa.br\/saudedigital\/wp-content\/uploads\/2024\/09\/WhatsApp-Image-2024-09-18-at-19.21.03-1024x592.jpeg\" alt=\"\" class=\"wp-image-923 size-full\" srcset=\"https:\/\/ccbs.uepa.br\/saudedigital\/wp-content\/uploads\/2024\/09\/WhatsApp-Image-2024-09-18-at-19.21.03-1024x592.jpeg 1024w, https:\/\/ccbs.uepa.br\/saudedigital\/wp-content\/uploads\/2024\/09\/WhatsApp-Image-2024-09-18-at-19.21.03-300x174.jpeg 300w, https:\/\/ccbs.uepa.br\/saudedigital\/wp-content\/uploads\/2024\/09\/WhatsApp-Image-2024-09-18-at-19.21.03-768x444.jpeg 768w, https:\/\/ccbs.uepa.br\/saudedigital\/wp-content\/uploads\/2024\/09\/WhatsApp-Image-2024-09-18-at-19.21.03-1536x889.jpeg 1536w, https:\/\/ccbs.uepa.br\/saudedigital\/wp-content\/uploads\/2024\/09\/WhatsApp-Image-2024-09-18-at-19.21.03.jpeg 1540w\" sizes=\"auto, (max-width: 1024px) 100vw, 1024px\" \/><\/figure><div class=\"wp-block-media-text__content\">\n<p><\/p>\n\n\n\n<div class=\"wp-block-uagb-info-box uagb-block-e79c7d26 uagb-infobox__content-wrap  uagb-infobox-icon-above-title uagb-infobox-image-valign-top\"><div class=\"uagb-ifb-content\"><div class=\"uagb-ifb-icon-wrap\"><svg xmlns=\"https:\/\/www.w3.org\/2000\/svg\" viewBox=\"0 0 512 512\"><path d=\"M0 256C0 114.6 114.6 0 256 0C397.4 0 512 114.6 512 256C512 397.4 397.4 512 256 512C114.6 512 0 397.4 0 256zM371.8 211.8C382.7 200.9 382.7 183.1 371.8 172.2C360.9 161.3 343.1 161.3 332.2 172.2L224 280.4L179.8 236.2C168.9 225.3 151.1 225.3 140.2 236.2C129.3 247.1 129.3 264.9 140.2 275.8L204.2 339.8C215.1 350.7 232.9 350.7 243.8 339.8L371.8 211.8z\"><\/path><\/svg><\/div><div class=\"uagb-ifb-title-wrap\"><h3 class=\"uagb-ifb-title\">Prefeitura Municipal de Pi\u00e7arra <\/h3><\/div><p class=\"uagb-ifb-desc\">O munic\u00edpio de Pi\u00e7arra agora faz parte do <strong>Projeto Sa\u00fade Digital CCBS<\/strong>, uma iniciativa inovadora que visa modernizar os servi\u00e7os de sa\u00fade e melhorar o atendimento \u00e0 popula\u00e7\u00e3o. A Secretaria de Sa\u00fade de Pi\u00e7arra, liderada pela Secret\u00e1ria Ana L\u00facia Ferreira Miranda, juntamente com o enfermeiro respons\u00e1vel pela telemedicina, Heigo Bruno Loiola, prontamente aderiu ao projeto, destacando o compromisso com a transforma\u00e7\u00e3o digital na \u00e1rea da sa\u00fade.<br>Com essa integra\u00e7\u00e3o, Pi\u00e7arra passar\u00e1 a contar com acesso facilitado a consultas especializadas, reduzindo a necessidade de deslocamentos para grandes centros urbanos e otimizando os recursos p\u00fablicos de sa\u00fade. A ades\u00e3o ao projeto representa um marco para o munic\u00edpio, abrindo novas possibilidades para diagn\u00f3sticos e tratamentos mais \u00e1geis e eficazes, beneficiando diretamente os moradores da regi\u00e3o.<br>Com a implementa\u00e7\u00e3o do <strong>Sa\u00fade Digital CCBS<\/strong>, Pi\u00e7arra tamb\u00e9m se beneficia do aumento na capacita\u00e7\u00e3o dos profissionais de sa\u00fade, que ter\u00e3o acesso a treinamentos e suporte remoto, elevando a qualidade do atendimento prestado \u00e0 popula\u00e7\u00e3o. O projeto refor\u00e7a o compromisso com a moderniza\u00e7\u00e3o da sa\u00fade p\u00fablica e o fortalecimento da assist\u00eancia m\u00e9dica local.<\/p><\/div><\/div>\n<\/div><\/div>\n","protected":false},"excerpt":{"rendered":"","protected":false},"author":2,"featured_media":0,"parent":0,"menu_order":0,"comment_status":"closed","ping_status":"closed","template":"","meta":{"_uag_custom_page_level_css":"","site-sidebar-layout":"default","site-content-layout":"","ast-site-content-layout":"","site-content-style":"default","site-sidebar-style":"default","ast-global-header-display":"","ast-banner-title-visibility":"","ast-main-header-display":"","ast-hfb-above-header-display":"","ast-hfb-below-header-display":"","ast-hfb-mobile-header-display":"","site-post-title":"","ast-breadcrumbs-content":"","ast-featured-img":"","footer-sml-layout":"","theme-transparent-header-meta":"","adv-header-id-meta":"","stick-header-meta":"","header-above-stick-meta":"","header-main-stick-meta":"","header-below-stick-meta":"","astra-migrate-meta-layouts":"default","ast-page-background-enabled":"default","ast-page-background-meta":{"desktop":{"background-color":"var(--ast-global-color-4)","background-image":"","background-repeat":"repeat","background-position":"center center","background-size":"auto","background-attachment":"scroll","background-type":"","background-media":"","overlay-type":"","overlay-color":"","overlay-gradient":""},"tablet":{"background-color":"","background-image":"","background-repeat":"repeat","background-position":"center center","background-size":"auto","background-attachment":"scroll","background-type":"","background-media":"","overlay-type":"","overlay-color":"","overlay-gradient":""},"mobile":{"background-color":"","background-image":"","background-repeat":"repeat","background-position":"center center","background-size":"auto","background-attachment":"scroll","background-type":"","background-media":"","overlay-type":"","overlay-color":"","overlay-gradient":""}},"ast-content-background-meta":{"desktop":{"background-color":"var(--ast-global-color-5)","background-image":"","background-repeat":"repeat","background-position":"center center","background-size":"auto","background-attachment":"scroll","background-type":"","background-media":"","overlay-type":"","overlay-color":"","overlay-gradient":""},"tablet":{"background-color":"var(--ast-global-color-5)","background-image":"","background-repeat":"repeat","background-position":"center center","background-size":"auto","background-attachment":"scroll","background-type":"","background-media":"","overlay-type":"","overlay-color":"","overlay-gradient":""},"mobile":{"background-color":"var(--ast-global-color-5)","background-image":"","background-repeat":"repeat","background-position":"center center","background-size":"auto","background-attachment":"scroll","background-type":"","background-media":"","overlay-type":"","overlay-color":"","overlay-gradient":""}},"footnotes":""},"class_list":["post-919","page","type-page","status-publish","hentry"],"uagb_featured_image_src":{"full":false,"thumbnail":false,"medium":false,"medium_large":false,"large":false,"1536x1536":false,"2048x2048":false},"uagb_author_info":{"display_name":"hugo","author_link":"https:\/\/ccbs.uepa.br\/saudedigital\/author\/hugo-conteuepa-br\/"},"uagb_comment_info":0,"uagb_excerpt":null,"_links":{"self":[{"href":"https:\/\/ccbs.uepa.br\/saudedigital\/wp-json\/wp\/v2\/pages\/919","targetHints":{"allow":["GET"]}}],"collection":[{"href":"https:\/\/ccbs.uepa.br\/saudedigital\/wp-json\/wp\/v2\/pages"}],"about":[{"href":"https:\/\/ccbs.uepa.br\/saudedigital\/wp-json\/wp\/v2\/types\/page"}],"author":[{"embeddable":true,"href":"https:\/\/ccbs.uepa.br\/saudedigital\/wp-json\/wp\/v2\/users\/2"}],"replies":[{"embeddable":true,"href":"https:\/\/ccbs.uepa.br\/saudedigital\/wp-json\/wp\/v2\/comments?post=919"}],"version-history":[{"count":5,"href":"https:\/\/ccbs.uepa.br\/saudedigital\/wp-json\/wp\/v2\/pages\/919\/revisions"}],"predecessor-version":[{"id":930,"href":"https:\/\/ccbs.uepa.br\/saudedigital\/wp-json\/wp\/v2\/pages\/919\/revisions\/930"}],"wp:attachment":[{"href":"https:\/\/ccbs.uepa.br\/saudedigital\/wp-json\/wp\/v2\/media?parent=919"}],"curies":[{"name":"wp","href":"https:\/\/api.w.org\/{rel}","templated":true}]}}