{"id":922,"date":"2024-09-21T14:36:32","date_gmt":"2024-09-21T17:36:32","guid":{"rendered":"https:\/\/ccbs.uepa.br\/saudedigital\/?page_id=922"},"modified":"2024-09-21T14:43:38","modified_gmt":"2024-09-21T17:43:38","slug":"922-2","status":"publish","type":"page","link":"https:\/\/ccbs.uepa.br\/saudedigital\/922-2\/","title":{"rendered":""},"content":{"rendered":"\n<div class=\"wp-block-uagb-info-box uagb-block-755cbe43 uagb-infobox__content-wrap  uagb-infobox-icon-above-title uagb-infobox-image-valign-top\"><div class=\"uagb-ifb-content\"><div class=\"uagb-ifb-icon-wrap\"><svg xmlns=\"https:\/\/www.w3.org\/2000\/svg\" viewBox=\"0 0 512 512\"><path d=\"M0 256C0 114.6 114.6 0 256 0C397.4 0 512 114.6 512 256C512 397.4 397.4 512 256 512C114.6 512 0 397.4 0 256zM371.8 211.8C382.7 200.9 382.7 183.1 371.8 172.2C360.9 161.3 343.1 161.3 332.2 172.2L224 280.4L179.8 236.2C168.9 225.3 151.1 225.3 140.2 236.2C129.3 247.1 129.3 264.9 140.2 275.8L204.2 339.8C215.1 350.7 232.9 350.7 243.8 339.8L371.8 211.8z\"><\/path><\/svg><\/div><div class=\"uagb-ifb-title-wrap\"><h3 class=\"uagb-ifb-title\">Prefeitura Municipal de Ananindeua<br><\/h3><\/div><p class=\"uagb-ifb-desc\">O munic\u00edpio de Ananindeua aderiu com grande entusiasmo ao <strong>Projeto Sa\u00fade Digital CCBS<\/strong>, reafirmando seu compromisso com a inova\u00e7\u00e3o e a moderniza\u00e7\u00e3o dos servi\u00e7os de sa\u00fade para a popula\u00e7\u00e3o. A iniciativa, que visa integrar tecnologia ao atendimento m\u00e9dico, traz importantes benef\u00edcios, especialmente nas \u00e1reas de <strong>Aten\u00e7\u00e3o Prim\u00e1ria<\/strong> e <strong>Regula\u00e7\u00e3o de Servi\u00e7os Especializados<\/strong>, promovendo um atendimento mais \u00e1gil, eficiente e acess\u00edvel para a comunidade. Com a implanta\u00e7\u00e3o do <strong>Sa\u00fade Digital CCBS<\/strong>, Ananindeua passar\u00e1 a contar com ferramentas que ampliam a cobertura m\u00e9dica, facilitando o acesso a consultas e orienta\u00e7\u00f5es \u00e0 dist\u00e2ncia por meio de teleconsulta. Isso ajudar\u00e1 a reduzir o tempo de espera dos pacientes e permitir\u00e1 uma maior descentraliza\u00e7\u00e3o dos servi\u00e7os, otimizando os recursos dispon\u00edveis.<br>Outro ponto de destaque \u00e9 a integra\u00e7\u00e3o entre os diferentes n\u00edveis de aten\u00e7\u00e3o \u00e0 sa\u00fade, promovendo uma continuidade de cuidados, desde a Aten\u00e7\u00e3o B\u00e1sica at\u00e9 o atendimento especializado. Esse avan\u00e7o significativo foi poss\u00edvel gra\u00e7as ao comprometimento de diversas lideran\u00e7as municipais. A <strong>Diretoria T\u00e9cnica<\/strong>, representada por <strong>S\u00e2mia Borges<\/strong>, a <strong>Diretoria DMAC<\/strong> com <strong>C\u00edntia<\/strong>, a <strong>Diretoria de Regula\u00e7\u00e3o<\/strong> com <strong>Ant\u00f4nia<\/strong>, a <strong>Coordena\u00e7\u00e3o de Telessa\u00fade<\/strong> sob responsabilidade de <strong>Daycione<\/strong>, a <strong>Coordena\u00e7\u00e3o de Aten\u00e7\u00e3o Prim\u00e1ria \u00e0 Sa\u00fade<\/strong> com <strong>Leila<\/strong>, o <strong>Programa Mais M\u00e9dicos<\/strong>, coordenado por <strong>Camila<\/strong>, e a <strong>Coordena\u00e7\u00e3o NEP<\/strong>, liderada por <strong>Greycy<\/strong>, foram fundamentais para a implementa\u00e7\u00e3o bem-sucedida do projeto. O projeto n\u00e3o apenas acelera o atendimento especializado, mas tamb\u00e9m promove a capacita\u00e7\u00e3o cont\u00ednua dos profissionais de sa\u00fade locais, elevando a qualidade dos servi\u00e7os prestados. Ananindeua est\u00e1 na vanguarda da sa\u00fade p\u00fablica digital, assegurando que a popula\u00e7\u00e3o tenha acesso a uma assist\u00eancia m\u00e9dica mais moderna e integrada.<\/p><\/div><\/div>\n\n\n\n<figure class=\"wp-block-image aligncenter size-large\"><img loading=\"lazy\" decoding=\"async\" width=\"1024\" height=\"576\" src=\"https:\/\/ccbs.uepa.br\/saudedigital\/wp-content\/uploads\/2024\/09\/WhatsApp-Image-2024-09-10-at-10.35.19-1024x576.jpeg\" alt=\"\" class=\"wp-image-924\" srcset=\"https:\/\/ccbs.uepa.br\/saudedigital\/wp-content\/uploads\/2024\/09\/WhatsApp-Image-2024-09-10-at-10.35.19-1024x576.jpeg 1024w, https:\/\/ccbs.uepa.br\/saudedigital\/wp-content\/uploads\/2024\/09\/WhatsApp-Image-2024-09-10-at-10.35.19-300x169.jpeg 300w, https:\/\/ccbs.uepa.br\/saudedigital\/wp-content\/uploads\/2024\/09\/WhatsApp-Image-2024-09-10-at-10.35.19-768x432.jpeg 768w, https:\/\/ccbs.uepa.br\/saudedigital\/wp-content\/uploads\/2024\/09\/WhatsApp-Image-2024-09-10-at-10.35.19.jpeg 1280w\" sizes=\"auto, (max-width: 1024px) 100vw, 1024px\" \/><\/figure>\n","protected":false},"excerpt":{"rendered":"","protected":false},"author":2,"featured_media":0,"parent":0,"menu_order":0,"comment_status":"closed","ping_status":"closed","template":"","meta":{"_uag_custom_page_level_css":"","site-sidebar-layout":"default","site-content-layout":"","ast-site-content-layout":"","site-content-style":"default","site-sidebar-style":"default","ast-global-header-display":"","ast-banner-title-visibility":"","ast-main-header-display":"","ast-hfb-above-header-display":"","ast-hfb-below-header-display":"","ast-hfb-mobile-header-display":"","site-post-title":"","ast-breadcrumbs-content":"","ast-featured-img":"","footer-sml-layout":"","theme-transparent-header-meta":"","adv-header-id-meta":"","stick-header-meta":"","header-above-stick-meta":"","header-main-stick-meta":"","header-below-stick-meta":"","astra-migrate-meta-layouts":"default","ast-page-background-enabled":"default","ast-page-background-meta":{"desktop":{"background-color":"var(--ast-global-color-4)","background-image":"","background-repeat":"repeat","background-position":"center center","background-size":"auto","background-attachment":"scroll","background-type":"","background-media":"","overlay-type":"","overlay-color":"","overlay-gradient":""},"tablet":{"background-color":"","background-image":"","background-repeat":"repeat","background-position":"center center","background-size":"auto","background-attachment":"scroll","background-type":"","background-media":"","overlay-type":"","overlay-color":"","overlay-gradient":""},"mobile":{"background-color":"","background-image":"","background-repeat":"repeat","background-position":"center center","background-size":"auto","background-attachment":"scroll","background-type":"","background-media":"","overlay-type":"","overlay-color":"","overlay-gradient":""}},"ast-content-background-meta":{"desktop":{"background-color":"var(--ast-global-color-5)","background-image":"","background-repeat":"repeat","background-position":"center center","background-size":"auto","background-attachment":"scroll","background-type":"","background-media":"","overlay-type":"","overlay-color":"","overlay-gradient":""},"tablet":{"background-color":"var(--ast-global-color-5)","background-image":"","background-repeat":"repeat","background-position":"center center","background-size":"auto","background-attachment":"scroll","background-type":"","background-media":"","overlay-type":"","overlay-color":"","overlay-gradient":""},"mobile":{"background-color":"var(--ast-global-color-5)","background-image":"","background-repeat":"repeat","background-position":"center center","background-size":"auto","background-attachment":"scroll","background-type":"","background-media":"","overlay-type":"","overlay-color":"","overlay-gradient":""}},"footnotes":""},"class_list":["post-922","page","type-page","status-publish","hentry"],"uagb_featured_image_src":{"full":false,"thumbnail":false,"medium":false,"medium_large":false,"large":false,"1536x1536":false,"2048x2048":false},"uagb_author_info":{"display_name":"hugo","author_link":"https:\/\/ccbs.uepa.br\/saudedigital\/author\/hugo-conteuepa-br\/"},"uagb_comment_info":0,"uagb_excerpt":null,"_links":{"self":[{"href":"https:\/\/ccbs.uepa.br\/saudedigital\/wp-json\/wp\/v2\/pages\/922","targetHints":{"allow":["GET"]}}],"collection":[{"href":"https:\/\/ccbs.uepa.br\/saudedigital\/wp-json\/wp\/v2\/pages"}],"about":[{"href":"https:\/\/ccbs.uepa.br\/saudedigital\/wp-json\/wp\/v2\/types\/page"}],"author":[{"embeddable":true,"href":"https:\/\/ccbs.uepa.br\/saudedigital\/wp-json\/wp\/v2\/users\/2"}],"replies":[{"embeddable":true,"href":"https:\/\/ccbs.uepa.br\/saudedigital\/wp-json\/wp\/v2\/comments?post=922"}],"version-history":[{"count":6,"href":"https:\/\/ccbs.uepa.br\/saudedigital\/wp-json\/wp\/v2\/pages\/922\/revisions"}],"predecessor-version":[{"id":935,"href":"https:\/\/ccbs.uepa.br\/saudedigital\/wp-json\/wp\/v2\/pages\/922\/revisions\/935"}],"wp:attachment":[{"href":"https:\/\/ccbs.uepa.br\/saudedigital\/wp-json\/wp\/v2\/media?parent=922"}],"curies":[{"name":"wp","href":"https:\/\/api.w.org\/{rel}","templated":true}]}}