{"id":949,"date":"2024-09-26T16:27:15","date_gmt":"2024-09-26T19:27:15","guid":{"rendered":"https:\/\/ccbs.uepa.br\/saudedigital\/?page_id=949"},"modified":"2024-09-26T16:27:15","modified_gmt":"2024-09-26T19:27:15","slug":"949-2","status":"publish","type":"page","link":"https:\/\/ccbs.uepa.br\/saudedigital\/949-2\/","title":{"rendered":""},"content":{"rendered":"\n<div class=\"wp-block-uagb-info-box uagb-block-c969ec5f uagb-infobox__content-wrap  uagb-infobox-icon-above-title uagb-infobox-image-valign-top\"><div class=\"uagb-ifb-content\"><div class=\"uagb-ifb-icon-wrap\"><svg xmlns=\"https:\/\/www.w3.org\/2000\/svg\" viewBox=\"0 0 512 512\"><path d=\"M0 256C0 114.6 114.6 0 256 0C397.4 0 512 114.6 512 256C512 397.4 397.4 512 256 512C114.6 512 0 397.4 0 256zM371.8 211.8C382.7 200.9 382.7 183.1 371.8 172.2C360.9 161.3 343.1 161.3 332.2 172.2L224 280.4L179.8 236.2C168.9 225.3 151.1 225.3 140.2 236.2C129.3 247.1 129.3 264.9 140.2 275.8L204.2 339.8C215.1 350.7 232.9 350.7 243.8 339.8L371.8 211.8z\"><\/path><\/svg><\/div><div class=\"uagb-ifb-title-wrap\"><h3 class=\"uagb-ifb-title\">Santar\u00e9m celebra um importante avan\u00e7o na \u00e1rea da sa\u00fade com a ades\u00e3o ao Projeto Sa\u00fade Digital CCBS. <\/h3><\/div><p class=\"uagb-ifb-desc\">Santar\u00e9m celebra um importante avan\u00e7o na \u00e1rea da sa\u00fade com a ades\u00e3o ao projeto Sa\u00fade Digital CCBS. Essa iniciativa, que visa modernizar e integrar os servi\u00e7os de sa\u00fade, contar\u00e1 com a colabora\u00e7\u00e3o de diversas lideran\u00e7as do munic\u00edpio, incluindo Kardma de Sousa Neves M\u00e9dia complexidade e Jasmilene Pimenta Rocha, da alta complexidade. O projeto tamb\u00e9m receber\u00e1 o apoio de Silvia Costa, respons\u00e1vel pela aten\u00e7\u00e3o prim\u00e1ria, Diego do N\u00facleo de Tecnologia da Informa\u00e7\u00e3o (NTI), Jeane Neves, que atuar\u00e1 na Terapia Farmacol\u00f3gica e Distribui\u00e7\u00e3o (TFD) e Maria Sensa representando a NRS. Juntos, esses profissionais s\u00e3o fundamentais para a implementa\u00e7\u00e3o e o sucesso da sa\u00fade digital.<\/p><\/div><\/div>\n\n\n\n<div class=\"wp-block-media-text is-stacked-on-mobile\" style=\"grid-template-columns:38% auto\"><figure class=\"wp-block-media-text__media\"><img loading=\"lazy\" decoding=\"async\" width=\"1024\" height=\"768\" src=\"https:\/\/ccbs.uepa.br\/saudedigital\/wp-content\/uploads\/2024\/09\/WhatsApp-Image-2024-09-25-at-18.33.29-1024x768.jpeg\" alt=\"\" class=\"wp-image-941 size-full\" srcset=\"https:\/\/ccbs.uepa.br\/saudedigital\/wp-content\/uploads\/2024\/09\/WhatsApp-Image-2024-09-25-at-18.33.29-1024x768.jpeg 1024w, https:\/\/ccbs.uepa.br\/saudedigital\/wp-content\/uploads\/2024\/09\/WhatsApp-Image-2024-09-25-at-18.33.29-300x225.jpeg 300w, https:\/\/ccbs.uepa.br\/saudedigital\/wp-content\/uploads\/2024\/09\/WhatsApp-Image-2024-09-25-at-18.33.29-768x576.jpeg 768w, https:\/\/ccbs.uepa.br\/saudedigital\/wp-content\/uploads\/2024\/09\/WhatsApp-Image-2024-09-25-at-18.33.29-1536x1152.jpeg 1536w, https:\/\/ccbs.uepa.br\/saudedigital\/wp-content\/uploads\/2024\/09\/WhatsApp-Image-2024-09-25-at-18.33.29.jpeg 1600w\" sizes=\"auto, (max-width: 1024px) 100vw, 1024px\" \/><\/figure><div class=\"wp-block-media-text__content\">\n<p><\/p>\n\n\n\n<div class=\"wp-block-uagb-info-box uagb-block-d5c78b68 uagb-infobox__content-wrap  uagb-infobox-icon-above-title uagb-infobox-image-valign-top\"><div class=\"uagb-ifb-content\"><div class=\"uagb-ifb-icon-wrap\"><svg xmlns=\"https:\/\/www.w3.org\/2000\/svg\" viewBox=\"0 0 512 512\"><path d=\"M0 256C0 114.6 114.6 0 256 0C397.4 0 512 114.6 512 256C512 397.4 397.4 512 256 512C114.6 512 0 397.4 0 256zM371.8 211.8C382.7 200.9 382.7 183.1 371.8 172.2C360.9 161.3 343.1 161.3 332.2 172.2L224 280.4L179.8 236.2C168.9 225.3 151.1 225.3 140.2 236.2C129.3 247.1 129.3 264.9 140.2 275.8L204.2 339.8C215.1 350.7 232.9 350.7 243.8 339.8L371.8 211.8z\"><\/path><\/svg><\/div><div class=\"uagb-ifb-title-wrap\"><h3 class=\"uagb-ifb-title\"><strong>Benef\u00edcios da Sa\u00fade Digital CCBS para Santar\u00e9m<\/strong><\/h3><\/div><p class=\"uagb-ifb-desc\"><strong>Melhoria no Acesso aos Servi\u00e7os de Sa\u00fade<\/strong>: A digitaliza\u00e7\u00e3o permitir\u00e1 que os cidad\u00e3os acessem informa\u00e7\u00f5es sobre servi\u00e7os e agendamentos de forma r\u00e1pida e pr\u00e1tica.<br><strong>Integra\u00e7\u00e3o de Informa\u00e7\u00f5es<\/strong>: A troca de dados entre as diferentes \u00e1reas da sa\u00fade garantir\u00e1 um atendimento mais completo e personalizado aos pacientes.<br><strong>Telesaude<\/strong>: A plataforma facilitar\u00e1 consultas online, promovendo um maior acesso a especialistas e minimizando deslocamentos desnecess\u00e1rios.<br><strong>Educa\u00e7\u00e3o em Sa\u00fade<\/strong>: O projeto inclui teleeduca\u00e7\u00e3o para os profissionais da sa\u00fade <br><br>A ades\u00e3o ao projeto Sa\u00fade Digital CCBS \u00e9 um passo significativo para o fortalecimento do sistema de sa\u00fade em Santar\u00e9m. Com a colabora\u00e7\u00e3o de todos os envolvidos, esperamos alcan\u00e7ar uma sa\u00fade mais integrada e acess\u00edvel, beneficiando toda a nossa comunidade. Estamos animados para ver os resultados positivos que essa iniciativa trar\u00e1 para a popula\u00e7\u00e3o!<\/p><\/div><\/div>\n<\/div><\/div>\n","protected":false},"excerpt":{"rendered":"","protected":false},"author":2,"featured_media":0,"parent":0,"menu_order":0,"comment_status":"closed","ping_status":"closed","template":"","meta":{"_uag_custom_page_level_css":"","site-sidebar-layout":"default","site-content-layout":"","ast-site-content-layout":"","site-content-style":"default","site-sidebar-style":"default","ast-global-header-display":"","ast-banner-title-visibility":"","ast-main-header-display":"","ast-hfb-above-header-display":"","ast-hfb-below-header-display":"","ast-hfb-mobile-header-display":"","site-post-title":"","ast-breadcrumbs-content":"","ast-featured-img":"","footer-sml-layout":"","theme-transparent-header-meta":"","adv-header-id-meta":"","stick-header-meta":"","header-above-stick-meta":"","header-main-stick-meta":"","header-below-stick-meta":"","astra-migrate-meta-layouts":"default","ast-page-background-enabled":"default","ast-page-background-meta":{"desktop":{"background-color":"var(--ast-global-color-4)","background-image":"","background-repeat":"repeat","background-position":"center center","background-size":"auto","background-attachment":"scroll","background-type":"","background-media":"","overlay-type":"","overlay-color":"","overlay-gradient":""},"tablet":{"background-color":"","background-image":"","background-repeat":"repeat","background-position":"center center","background-size":"auto","background-attachment":"scroll","background-type":"","background-media":"","overlay-type":"","overlay-color":"","overlay-gradient":""},"mobile":{"background-color":"","background-image":"","background-repeat":"repeat","background-position":"center center","background-size":"auto","background-attachment":"scroll","background-type":"","background-media":"","overlay-type":"","overlay-color":"","overlay-gradient":""}},"ast-content-background-meta":{"desktop":{"background-color":"var(--ast-global-color-5)","background-image":"","background-repeat":"repeat","background-position":"center center","background-size":"auto","background-attachment":"scroll","background-type":"","background-media":"","overlay-type":"","overlay-color":"","overlay-gradient":""},"tablet":{"background-color":"var(--ast-global-color-5)","background-image":"","background-repeat":"repeat","background-position":"center center","background-size":"auto","background-attachment":"scroll","background-type":"","background-media":"","overlay-type":"","overlay-color":"","overlay-gradient":""},"mobile":{"background-color":"var(--ast-global-color-5)","background-image":"","background-repeat":"repeat","background-position":"center center","background-size":"auto","background-attachment":"scroll","background-type":"","background-media":"","overlay-type":"","overlay-color":"","overlay-gradient":""}},"footnotes":""},"class_list":["post-949","page","type-page","status-publish","hentry"],"uagb_featured_image_src":{"full":false,"thumbnail":false,"medium":false,"medium_large":false,"large":false,"1536x1536":false,"2048x2048":false},"uagb_author_info":{"display_name":"hugo","author_link":"https:\/\/ccbs.uepa.br\/saudedigital\/author\/hugo-conteuepa-br\/"},"uagb_comment_info":0,"uagb_excerpt":null,"_links":{"self":[{"href":"https:\/\/ccbs.uepa.br\/saudedigital\/wp-json\/wp\/v2\/pages\/949","targetHints":{"allow":["GET"]}}],"collection":[{"href":"https:\/\/ccbs.uepa.br\/saudedigital\/wp-json\/wp\/v2\/pages"}],"about":[{"href":"https:\/\/ccbs.uepa.br\/saudedigital\/wp-json\/wp\/v2\/types\/page"}],"author":[{"embeddable":true,"href":"https:\/\/ccbs.uepa.br\/saudedigital\/wp-json\/wp\/v2\/users\/2"}],"replies":[{"embeddable":true,"href":"https:\/\/ccbs.uepa.br\/saudedigital\/wp-json\/wp\/v2\/comments?post=949"}],"version-history":[{"count":1,"href":"https:\/\/ccbs.uepa.br\/saudedigital\/wp-json\/wp\/v2\/pages\/949\/revisions"}],"predecessor-version":[{"id":950,"href":"https:\/\/ccbs.uepa.br\/saudedigital\/wp-json\/wp\/v2\/pages\/949\/revisions\/950"}],"wp:attachment":[{"href":"https:\/\/ccbs.uepa.br\/saudedigital\/wp-json\/wp\/v2\/media?parent=949"}],"curies":[{"name":"wp","href":"https:\/\/api.w.org\/{rel}","templated":true}]}}