{"id":971,"date":"2024-10-31T16:56:47","date_gmt":"2024-10-31T19:56:47","guid":{"rendered":"https:\/\/ccbs.uepa.br\/saudedigital\/?page_id=971"},"modified":"2024-10-31T16:57:40","modified_gmt":"2024-10-31T19:57:40","slug":"971-2","status":"publish","type":"page","link":"https:\/\/ccbs.uepa.br\/saudedigital\/971-2\/","title":{"rendered":""},"content":{"rendered":"\n<div class=\"wp-block-uagb-info-box uagb-block-0b550853 uagb-infobox__content-wrap  uagb-infobox-icon-above-title uagb-infobox-image-valign-top\"><div class=\"uagb-ifb-content\"><div class=\"uagb-ifb-icon-wrap\"><svg xmlns=\"https:\/\/www.w3.org\/2000\/svg\" viewBox=\"0 0 512 512\"><path d=\"M0 256C0 114.6 114.6 0 256 0C397.4 0 512 114.6 512 256C512 397.4 397.4 512 256 512C114.6 512 0 397.4 0 256zM371.8 211.8C382.7 200.9 382.7 183.1 371.8 172.2C360.9 161.3 343.1 161.3 332.2 172.2L224 280.4L179.8 236.2C168.9 225.3 151.1 225.3 140.2 236.2C129.3 247.1 129.3 264.9 140.2 275.8L204.2 339.8C215.1 350.7 232.9 350.7 243.8 339.8L371.8 211.8z\"><\/path><\/svg><\/div><div class=\"uagb-ifb-title-wrap\"><h3 class=\"uagb-ifb-title\">Cana\u00e3 dos Caraj\u00e1s Adere ao Projeto Sa\u00fade Digital CCBS<\/h3><\/div><p class=\"uagb-ifb-desc\">Na reuni\u00e3o com Cana\u00e3 dos Caraj\u00e1s, a Coordenadora da Aten\u00e7\u00e3o Especializada &#8211; Fabrina Borba, confirmou a ades\u00e3o ao projeto Sa\u00fade Digital CCBS. Ela destacou os benef\u00edcios da teleconsulta, que permite acesso r\u00e1pido a especialistas, reduzindo o tempo de espera e a necessidade de deslocamentos, especialmente para os moradores das \u00e1reas mais distantes. Al\u00e9m disso, ressaltou a import\u00e2ncia das webpalestras, que oferecem capacita\u00e7\u00e3o cont\u00ednua aos profissionais de sa\u00fade locais, mantendo a equipe atualizada e melhorando a qualidade do atendimento prestado \u00e0 popula\u00e7\u00e3o. Esses recursos facilitar\u00e3o o acesso e contribuir\u00e3o para um cuidado mais eficiente e qualificado no munic\u00edpio.<\/p><\/div><\/div>\n\n\n\n<figure class=\"wp-block-image aligncenter size-large is-resized\"><img loading=\"lazy\" decoding=\"async\" width=\"1024\" height=\"481\" src=\"https:\/\/ccbs.uepa.br\/saudedigital\/wp-content\/uploads\/2024\/10\/WhatsApp-Image-2024-10-31-at-16.46.45-1024x481.jpeg\" alt=\"\" class=\"wp-image-969\" style=\"width:687px;height:auto\" srcset=\"https:\/\/ccbs.uepa.br\/saudedigital\/wp-content\/uploads\/2024\/10\/WhatsApp-Image-2024-10-31-at-16.46.45-1024x481.jpeg 1024w, https:\/\/ccbs.uepa.br\/saudedigital\/wp-content\/uploads\/2024\/10\/WhatsApp-Image-2024-10-31-at-16.46.45-300x141.jpeg 300w, https:\/\/ccbs.uepa.br\/saudedigital\/wp-content\/uploads\/2024\/10\/WhatsApp-Image-2024-10-31-at-16.46.45-768x361.jpeg 768w, https:\/\/ccbs.uepa.br\/saudedigital\/wp-content\/uploads\/2024\/10\/WhatsApp-Image-2024-10-31-at-16.46.45-1536x722.jpeg 1536w, https:\/\/ccbs.uepa.br\/saudedigital\/wp-content\/uploads\/2024\/10\/WhatsApp-Image-2024-10-31-at-16.46.45.jpeg 1600w\" sizes=\"auto, (max-width: 1024px) 100vw, 1024px\" \/><\/figure>\n\n\n\n<p><\/p>\n","protected":false},"excerpt":{"rendered":"","protected":false},"author":2,"featured_media":0,"parent":0,"menu_order":0,"comment_status":"closed","ping_status":"closed","template":"","meta":{"_uag_custom_page_level_css":"","site-sidebar-layout":"default","site-content-layout":"","ast-site-content-layout":"","site-content-style":"default","site-sidebar-style":"default","ast-global-header-display":"","ast-banner-title-visibility":"","ast-main-header-display":"","ast-hfb-above-header-display":"","ast-hfb-below-header-display":"","ast-hfb-mobile-header-display":"","site-post-title":"","ast-breadcrumbs-content":"","ast-featured-img":"","footer-sml-layout":"","theme-transparent-header-meta":"","adv-header-id-meta":"","stick-header-meta":"","header-above-stick-meta":"","header-main-stick-meta":"","header-below-stick-meta":"","astra-migrate-meta-layouts":"default","ast-page-background-enabled":"default","ast-page-background-meta":{"desktop":{"background-color":"var(--ast-global-color-4)","background-image":"","background-repeat":"repeat","background-position":"center center","background-size":"auto","background-attachment":"scroll","background-type":"","background-media":"","overlay-type":"","overlay-color":"","overlay-gradient":""},"tablet":{"background-color":"","background-image":"","background-repeat":"repeat","background-position":"center center","background-size":"auto","background-attachment":"scroll","background-type":"","background-media":"","overlay-type":"","overlay-color":"","overlay-gradient":""},"mobile":{"background-color":"","background-image":"","background-repeat":"repeat","background-position":"center center","background-size":"auto","background-attachment":"scroll","background-type":"","background-media":"","overlay-type":"","overlay-color":"","overlay-gradient":""}},"ast-content-background-meta":{"desktop":{"background-color":"var(--ast-global-color-5)","background-image":"","background-repeat":"repeat","background-position":"center center","background-size":"auto","background-attachment":"scroll","background-type":"","background-media":"","overlay-type":"","overlay-color":"","overlay-gradient":""},"tablet":{"background-color":"var(--ast-global-color-5)","background-image":"","background-repeat":"repeat","background-position":"center center","background-size":"auto","background-attachment":"scroll","background-type":"","background-media":"","overlay-type":"","overlay-color":"","overlay-gradient":""},"mobile":{"background-color":"var(--ast-global-color-5)","background-image":"","background-repeat":"repeat","background-position":"center center","background-size":"auto","background-attachment":"scroll","background-type":"","background-media":"","overlay-type":"","overlay-color":"","overlay-gradient":""}},"footnotes":""},"class_list":["post-971","page","type-page","status-publish","hentry"],"uagb_featured_image_src":{"full":false,"thumbnail":false,"medium":false,"medium_large":false,"large":false,"1536x1536":false,"2048x2048":false},"uagb_author_info":{"display_name":"hugo","author_link":"https:\/\/ccbs.uepa.br\/saudedigital\/author\/hugo-conteuepa-br\/"},"uagb_comment_info":0,"uagb_excerpt":null,"_links":{"self":[{"href":"https:\/\/ccbs.uepa.br\/saudedigital\/wp-json\/wp\/v2\/pages\/971","targetHints":{"allow":["GET"]}}],"collection":[{"href":"https:\/\/ccbs.uepa.br\/saudedigital\/wp-json\/wp\/v2\/pages"}],"about":[{"href":"https:\/\/ccbs.uepa.br\/saudedigital\/wp-json\/wp\/v2\/types\/page"}],"author":[{"embeddable":true,"href":"https:\/\/ccbs.uepa.br\/saudedigital\/wp-json\/wp\/v2\/users\/2"}],"replies":[{"embeddable":true,"href":"https:\/\/ccbs.uepa.br\/saudedigital\/wp-json\/wp\/v2\/comments?post=971"}],"version-history":[{"count":3,"href":"https:\/\/ccbs.uepa.br\/saudedigital\/wp-json\/wp\/v2\/pages\/971\/revisions"}],"predecessor-version":[{"id":975,"href":"https:\/\/ccbs.uepa.br\/saudedigital\/wp-json\/wp\/v2\/pages\/971\/revisions\/975"}],"wp:attachment":[{"href":"https:\/\/ccbs.uepa.br\/saudedigital\/wp-json\/wp\/v2\/media?parent=971"}],"curies":[{"name":"wp","href":"https:\/\/api.w.org\/{rel}","templated":true}]}}