{"id":983,"date":"2024-10-31T17:07:22","date_gmt":"2024-10-31T20:07:22","guid":{"rendered":"https:\/\/ccbs.uepa.br\/saudedigital\/?page_id=983"},"modified":"2024-11-03T11:24:09","modified_gmt":"2024-11-03T14:24:09","slug":"983-2","status":"publish","type":"page","link":"https:\/\/ccbs.uepa.br\/saudedigital\/983-2\/","title":{"rendered":""},"content":{"rendered":"\n<div class=\"wp-block-uagb-info-box uagb-block-9e6c0986 uagb-infobox__content-wrap  uagb-infobox-icon-above-title uagb-infobox-image-valign-top\"><div class=\"uagb-ifb-content\"><div class=\"uagb-ifb-icon-wrap\"><svg xmlns=\"https:\/\/www.w3.org\/2000\/svg\" viewBox=\"0 0 512 512\"><path d=\"M0 256C0 114.6 114.6 0 256 0C397.4 0 512 114.6 512 256C512 397.4 397.4 512 256 512C114.6 512 0 397.4 0 256zM371.8 211.8C382.7 200.9 382.7 183.1 371.8 172.2C360.9 161.3 343.1 161.3 332.2 172.2L224 280.4L179.8 236.2C168.9 225.3 151.1 225.3 140.2 236.2C129.3 247.1 129.3 264.9 140.2 275.8L204.2 339.8C215.1 350.7 232.9 350.7 243.8 339.8L371.8 211.8z\"><\/path><\/svg><\/div><div class=\"uagb-ifb-title-wrap\"><h3 class=\"uagb-ifb-title\">Reuni\u00e3o da Comiss\u00e3o Intergestores Bipartite (CIB) no Par\u00e1!<\/h3><\/div><p class=\"uagb-ifb-desc\">A Comiss\u00e3o Intergestores Bipartite (CIB) do Sistema \u00danico de Sa\u00fade do Par\u00e1 realiza mais uma importante Reuni\u00e3o Ordin\u00e1ria, promovendo o di\u00e1logo entre a Secretaria de Estado de Sa\u00fade P\u00fablica (SESPA) e o Conselho de Secretarias Municipais de Sa\u00fade do Estado do Par\u00e1 (COSEMS\/PA). Este encontro tem como objetivo discutir pautas essenciais para fortalecer a gest\u00e3o compartilhada da sa\u00fade no estado e alinhar estrat\u00e9gias para garantir um atendimento cada vez mais qualificado e acess\u00edvel \u00e0 popula\u00e7\u00e3o paraense.<br><\/p><\/div><\/div>\n\n\n\n<figure class=\"wp-block-image aligncenter size-large\"><img loading=\"lazy\" decoding=\"async\" width=\"1024\" height=\"484\" src=\"https:\/\/ccbs.uepa.br\/saudedigital\/wp-content\/uploads\/2024\/10\/WhatsApp-Image-2024-10-31-at-14.43.26-1024x484.jpeg\" alt=\"\" class=\"wp-image-982\" srcset=\"https:\/\/ccbs.uepa.br\/saudedigital\/wp-content\/uploads\/2024\/10\/WhatsApp-Image-2024-10-31-at-14.43.26-1024x484.jpeg 1024w, https:\/\/ccbs.uepa.br\/saudedigital\/wp-content\/uploads\/2024\/10\/WhatsApp-Image-2024-10-31-at-14.43.26-300x142.jpeg 300w, https:\/\/ccbs.uepa.br\/saudedigital\/wp-content\/uploads\/2024\/10\/WhatsApp-Image-2024-10-31-at-14.43.26-768x363.jpeg 768w, https:\/\/ccbs.uepa.br\/saudedigital\/wp-content\/uploads\/2024\/10\/WhatsApp-Image-2024-10-31-at-14.43.26-1536x727.jpeg 1536w, https:\/\/ccbs.uepa.br\/saudedigital\/wp-content\/uploads\/2024\/10\/WhatsApp-Image-2024-10-31-at-14.43.26.jpeg 1600w\" sizes=\"auto, (max-width: 1024px) 100vw, 1024px\" \/><\/figure>\n\n\n\n<p class=\"has-text-align-center\">Emanuel de Jesus Soares de Sousa &#8211; Diretor do CCBS e Coordenador do N\u00facleo de Sa\u00fade Digital da UEPA.<br>Caroline Oliveira Barcelos &#8211; Coordenadora de Enfermagem, trazendo insights essenciais para a pr\u00e1tica profissional.<\/p>\n\n\n\n<p><\/p>\n","protected":false},"excerpt":{"rendered":"<p>Emanuel de Jesus Soares de Sousa &#8211; Diretor do CCBS e Coordenador do N\u00facleo de Sa\u00fade Digital da UEPA.Caroline Oliveira [&hellip;]<\/p>\n","protected":false},"author":2,"featured_media":0,"parent":0,"menu_order":0,"comment_status":"closed","ping_status":"closed","template":"","meta":{"_uag_custom_page_level_css":"","site-sidebar-layout":"default","site-content-layout":"","ast-site-content-layout":"","site-content-style":"default","site-sidebar-style":"default","ast-global-header-display":"","ast-banner-title-visibility":"","ast-main-header-display":"","ast-hfb-above-header-display":"","ast-hfb-below-header-display":"","ast-hfb-mobile-header-display":"","site-post-title":"","ast-breadcrumbs-content":"","ast-featured-img":"","footer-sml-layout":"","theme-transparent-header-meta":"","adv-header-id-meta":"","stick-header-meta":"","header-above-stick-meta":"","header-main-stick-meta":"","header-below-stick-meta":"","astra-migrate-meta-layouts":"default","ast-page-background-enabled":"default","ast-page-background-meta":{"desktop":{"background-color":"var(--ast-global-color-4)","background-image":"","background-repeat":"repeat","background-position":"center center","background-size":"auto","background-attachment":"scroll","background-type":"","background-media":"","overlay-type":"","overlay-color":"","overlay-gradient":""},"tablet":{"background-color":"","background-image":"","background-repeat":"repeat","background-position":"center center","background-size":"auto","background-attachment":"scroll","background-type":"","background-media":"","overlay-type":"","overlay-color":"","overlay-gradient":""},"mobile":{"background-color":"","background-image":"","background-repeat":"repeat","background-position":"center center","background-size":"auto","background-attachment":"scroll","background-type":"","background-media":"","overlay-type":"","overlay-color":"","overlay-gradient":""}},"ast-content-background-meta":{"desktop":{"background-color":"var(--ast-global-color-5)","background-image":"","background-repeat":"repeat","background-position":"center center","background-size":"auto","background-attachment":"scroll","background-type":"","background-media":"","overlay-type":"","overlay-color":"","overlay-gradient":""},"tablet":{"background-color":"var(--ast-global-color-5)","background-image":"","background-repeat":"repeat","background-position":"center center","background-size":"auto","background-attachment":"scroll","background-type":"","background-media":"","overlay-type":"","overlay-color":"","overlay-gradient":""},"mobile":{"background-color":"var(--ast-global-color-5)","background-image":"","background-repeat":"repeat","background-position":"center center","background-size":"auto","background-attachment":"scroll","background-type":"","background-media":"","overlay-type":"","overlay-color":"","overlay-gradient":""}},"footnotes":""},"class_list":["post-983","page","type-page","status-publish","hentry"],"uagb_featured_image_src":{"full":false,"thumbnail":false,"medium":false,"medium_large":false,"large":false,"1536x1536":false,"2048x2048":false},"uagb_author_info":{"display_name":"hugo","author_link":"https:\/\/ccbs.uepa.br\/saudedigital\/author\/hugo-conteuepa-br\/"},"uagb_comment_info":0,"uagb_excerpt":"Emanuel de Jesus Soares de Sousa &#8211; Diretor do CCBS e Coordenador do N\u00facleo de Sa\u00fade Digital da UEPA.Caroline Oliveira [&hellip;]","_links":{"self":[{"href":"https:\/\/ccbs.uepa.br\/saudedigital\/wp-json\/wp\/v2\/pages\/983","targetHints":{"allow":["GET"]}}],"collection":[{"href":"https:\/\/ccbs.uepa.br\/saudedigital\/wp-json\/wp\/v2\/pages"}],"about":[{"href":"https:\/\/ccbs.uepa.br\/saudedigital\/wp-json\/wp\/v2\/types\/page"}],"author":[{"embeddable":true,"href":"https:\/\/ccbs.uepa.br\/saudedigital\/wp-json\/wp\/v2\/users\/2"}],"replies":[{"embeddable":true,"href":"https:\/\/ccbs.uepa.br\/saudedigital\/wp-json\/wp\/v2\/comments?post=983"}],"version-history":[{"count":3,"href":"https:\/\/ccbs.uepa.br\/saudedigital\/wp-json\/wp\/v2\/pages\/983\/revisions"}],"predecessor-version":[{"id":998,"href":"https:\/\/ccbs.uepa.br\/saudedigital\/wp-json\/wp\/v2\/pages\/983\/revisions\/998"}],"wp:attachment":[{"href":"https:\/\/ccbs.uepa.br\/saudedigital\/wp-json\/wp\/v2\/media?parent=983"}],"curies":[{"name":"wp","href":"https:\/\/api.w.org\/{rel}","templated":true}]}}